{"id":9730,"date":"2024-08-01T23:43:11","date_gmt":"2024-08-01T23:43:11","guid":{"rendered":"https:\/\/cuyodigital.com\/cuyo\/?post_type=product&#038;p=9730"},"modified":"2026-05-05T14:08:48","modified_gmt":"2026-05-05T14:08:48","slug":"gosmart-xp10","status":"publish","type":"product","link":"https:\/\/cuyodigital.com\/cuyo\/producto\/gosmart-xp10\/","title":{"rendered":"Go Smart XP10 450W"},"content":{"rendered":"<h2>Descripci\u00f3n<\/h2>\n<div class=\"ui-pdp-container__row ui-pdp-container__row--highlighted-specs-title\">\n<div class=\"ui-pdp-container__row ui-pdp-container__row--technical-specifications\">\n<div class=\"ui-pdp-collapsable ui-vpp-highlighted-specs__striped-collapsed__action\">\n<div class=\"ui-pdp-collapsable__container\">\n<div class=\"ui-vpp-highlighted-specs__striped-specs\">\n<div class=\"ui-vpp-striped-specs\">\n<div class=\"ui-vpp-striped-specs__table\">\n<ul>\n<li>Calidad, autonom\u00eda y potencia<\/li>\n<li>Velocidad m\u00e1xima: 30km\/h<\/li>\n<li>Autonom\u00eda 30 km<\/li>\n<li>Amortiguaci\u00f3n delantera<\/li>\n<li>Ruedas 10\u2033<\/li>\n<li>Potencia: 450 W<\/li>\n<li>Sistema de frenos Dual, a disco en rueda trasera y el\u00e9ctrico en frente delantero<\/li>\n<li>App con estad\u00edsticas de seguimiento<\/li>\n<li>Plegable<\/li>\n<\/ul>\n<\/div>\n<\/div>\n<\/div>\n<\/div>\n<\/div>\n<\/div>\n<\/div>\n","protected":false},"excerpt":{"rendered":"<p>Descripci\u00f3n Calidad, autonom\u00eda y potencia Velocidad m\u00e1xima: 30km\/h Autonom\u00eda 30 km Amortiguaci\u00f3n delantera Ruedas 10\u2033 Potencia: 450 W Sistema de frenos Dual, a disco en rueda trasera y el\u00e9ctrico en frente delantero App con estad\u00edsticas de seguimiento Plegable<\/p>\n","protected":false},"featured_media":9731,"comment_status":"open","ping_status":"closed","template":"","meta":[],"product_cat":[113,15],"product_tag":[],"acf":[],"_links":{"self":[{"href":"https:\/\/cuyodigital.com\/cuyo\/wp-json\/wp\/v2\/product\/9730"}],"collection":[{"href":"https:\/\/cuyodigital.com\/cuyo\/wp-json\/wp\/v2\/product"}],"about":[{"href":"https:\/\/cuyodigital.com\/cuyo\/wp-json\/wp\/v2\/types\/product"}],"replies":[{"embeddable":true,"href":"https:\/\/cuyodigital.com\/cuyo\/wp-json\/wp\/v2\/comments?post=9730"}],"wp:featuredmedia":[{"embeddable":true,"href":"https:\/\/cuyodigital.com\/cuyo\/wp-json\/wp\/v2\/media\/9731"}],"wp:attachment":[{"href":"https:\/\/cuyodigital.com\/cuyo\/wp-json\/wp\/v2\/media?parent=9730"}],"wp:term":[{"taxonomy":"product_cat","embeddable":true,"href":"https:\/\/cuyodigital.com\/cuyo\/wp-json\/wp\/v2\/product_cat?post=9730"},{"taxonomy":"product_tag","embeddable":true,"href":"https:\/\/cuyodigital.com\/cuyo\/wp-json\/wp\/v2\/product_tag?post=9730"}],"curies":[{"name":"wp","href":"https:\/\/api.w.org\/{rel}","templated":true}]}}