{"id":9651,"date":"2024-07-16T20:24:28","date_gmt":"2024-07-16T20:24:28","guid":{"rendered":"https:\/\/cuyodigital.com\/cuyo\/?post_type=product&#038;p=9651"},"modified":"2024-07-16T20:34:05","modified_gmt":"2024-07-16T20:34:05","slug":"tablet-amazon-fire-7-kids","status":"publish","type":"product","link":"https:\/\/cuyodigital.com\/cuyo\/producto\/tablet-amazon-fire-7-kids\/","title":{"rendered":"Tablet Amazon Fire 7 Kids"},"content":{"rendered":"<h3>Descripci\u00f3n:<\/h3>\n<p>&nbsp;<\/p>\n<p>Amazon Tablet Fire 7 Kids<\/p>\n<p>Disfruta de la pantalla de 7\u201d, un procesador m\u00e1s r\u00e1pido, almacenamiento interno de 16 GB y hasta 7 horas de lectura, navegaci\u00f3n por Internet, visualizaci\u00f3n de videos y escucha de m\u00fasica.<\/p>\n<p>Crea l\u00edmites de tiempo de pantalla, establece objetivos educativos y filtra el contenido con controles parentales f\u00e1ciles de usar.<\/p>\n<p>Reproduce a trav\u00e9s de Wi-Fi o mira el contenido descargado mientras viajas con 16 GB de almacenamiento interno y hasta 7 horas de lectura, navegaci\u00f3n por Internet, reproducci\u00f3n de videos y m\u00fasica. A\u00f1ade una tarjeta microSD para hasta 512 GB de almacenamiento ampliable<\/p>\n<h3><strong>DESCRIPCION DEL PRODUCTO:<\/strong><\/h3>\n<p>&nbsp;<\/p>\n<p>\u2013 Pantalla t\u00e1ctil de 7\u201d, resoluci\u00f3n de 1024 x 600, reproducci\u00f3n de video SD, con tecnolog\u00eda IPS (conmutaci\u00f3n en plano) y filtro polarizador avanzado<\/p>\n<p>\u2013 Tama\u00f1o: 8.7\u201d x 6.3\u201d x 1.0\u201d (220 x 161 x 25.8 mm)<\/p>\n<p>\u2013 CPU y RAM: Quad-Core 1.3 GHz con 1 GB de RAM<\/p>\n<p>\u2013 Detalles de la c\u00e1mara: C\u00e1maras frontales y traseras de 2 MP con grabaci\u00f3n de video HD 720<\/p>\n<p>La caja incluye: Tablet Fire 7, funda Amazon para ni\u00f1os, cable USB 2.0, adaptador de alimentaci\u00f3n y gu\u00eda de inicio r\u00e1pido.<\/p>\n","protected":false},"excerpt":{"rendered":"<p><strong><span style=\"color: #000000\">Efectivo<\/span><\/strong><\/p>\n<p><strong><span style=\"color: #000000\"><span class=\"woocommerce-Price-currencySymbol\"><span data-sheets-value=\"{&quot;1&quot;:3,&quot;3&quot;:81300}\" data-sheets-userformat=\"{&quot;2&quot;:15359,&quot;3&quot;:{&quot;1&quot;:4,&quot;2&quot;:&quot;[$$]#,##0&quot;},&quot;4&quot;:{&quot;1&quot;:3,&quot;3&quot;:2},&quot;5&quot;:{&quot;1&quot;:[{&quot;1&quot;:2,&quot;2&quot;:0,&quot;5&quot;:{&quot;1&quot;:2,&quot;2&quot;:14277081}},{&quot;1&quot;:0,&quot;2&quot;:0,&quot;3&quot;:4},{&quot;1&quot;:1,&quot;2&quot;:0,&quot;4&quot;:3}]},&quot;6&quot;:{&quot;1&quot;:[{&quot;1&quot;:2,&quot;2&quot;:0,&quot;5&quot;:{&quot;1&quot;:2,&quot;2&quot;:14277081}},{&quot;1&quot;:0,&quot;2&quot;:0,&quot;3&quot;:4},{&quot;1&quot;:1,&quot;2&quot;:0,&quot;4&quot;:3}]},&quot;7&quot;:{&quot;1&quot;:[{&quot;1&quot;:2,&quot;2&quot;:0,&quot;5&quot;:{&quot;1&quot;:2,&quot;2&quot;:14277081}},{&quot;1&quot;:0,&quot;2&quot;:0,&quot;3&quot;:4},{&quot;1&quot;:1,&quot;2&quot;:0,&quot;4&quot;:3}]},&quot;8&quot;:{&quot;1&quot;:[{&quot;1&quot;:2,&quot;2&quot;:0,&quot;5&quot;:{&quot;1&quot;:2,&quot;2&quot;:14277081}},{&quot;1&quot;:0,&quot;2&quot;:0,&quot;3&quot;:4},{&quot;1&quot;:1,&quot;2&quot;:0,&quot;4&quot;:3}]},&quot;9&quot;:1,&quot;10&quot;:1,&quot;11&quot;:0,&quot;12&quot;:0,&quot;14&quot;:{&quot;1&quot;:2,&quot;2&quot;:0},&quot;15&quot;:&quot;Arial&quot;,&quot;16&quot;:7}\">$179.900<\/span><\/span><\/span><\/strong><\/p>\n","protected":false},"featured_media":9652,"comment_status":"open","ping_status":"closed","template":"","meta":[],"product_cat":[120,15],"product_tag":[],"acf":[],"_links":{"self":[{"href":"https:\/\/cuyodigital.com\/cuyo\/wp-json\/wp\/v2\/product\/9651"}],"collection":[{"href":"https:\/\/cuyodigital.com\/cuyo\/wp-json\/wp\/v2\/product"}],"about":[{"href":"https:\/\/cuyodigital.com\/cuyo\/wp-json\/wp\/v2\/types\/product"}],"replies":[{"embeddable":true,"href":"https:\/\/cuyodigital.com\/cuyo\/wp-json\/wp\/v2\/comments?post=9651"}],"wp:featuredmedia":[{"embeddable":true,"href":"https:\/\/cuyodigital.com\/cuyo\/wp-json\/wp\/v2\/media\/9652"}],"wp:attachment":[{"href":"https:\/\/cuyodigital.com\/cuyo\/wp-json\/wp\/v2\/media?parent=9651"}],"wp:term":[{"taxonomy":"product_cat","embeddable":true,"href":"https:\/\/cuyodigital.com\/cuyo\/wp-json\/wp\/v2\/product_cat?post=9651"},{"taxonomy":"product_tag","embeddable":true,"href":"https:\/\/cuyodigital.com\/cuyo\/wp-json\/wp\/v2\/product_tag?post=9651"}],"curies":[{"name":"wp","href":"https:\/\/api.w.org\/{rel}","templated":true}]}}