{"id":9622,"date":"2024-07-11T21:07:01","date_gmt":"2024-07-11T21:07:01","guid":{"rendered":"https:\/\/cuyodigital.com\/cuyo\/?post_type=product&#038;p=9622"},"modified":"2025-04-22T16:12:27","modified_gmt":"2025-04-22T16:12:27","slug":"haylou-gs-ls094","status":"publish","type":"product","link":"https:\/\/cuyodigital.com\/cuyo\/producto\/haylou-gs-ls094\/","title":{"rendered":"Haylou GS"},"content":{"rendered":"<table class=\"tbprop\">\n<tbody>\n<tr>\n<td>Nombre del producto<\/td>\n<td>Haylou GS<\/td>\n<\/tr>\n<tr>\n<td>Resoluci\u00f3n<\/td>\n<td>240x240px<\/td>\n<\/tr>\n<tr>\n<td>Versi\u00f3n Bluetooth<\/td>\n<td>Bluetooth V5.0<\/td>\n<\/tr>\n<tr>\n<td>Dimensiones<\/td>\n<td>44,4x43x11,7 mm<\/td>\n<\/tr>\n<tr>\n<td>Ancho de la correa<\/td>\n<td>22mm<\/td>\n<\/tr>\n<tr>\n<td>Ver el peso<\/td>\n<td>38g con correa<\/td>\n<\/tr>\n<tr>\n<td>Sensor<\/td>\n<td>Sensor de frecuencia card\u00edaca, sensor de movimiento, sensor de ox\u00edgeno en sangre<\/td>\n<\/tr>\n<tr>\n<td>Capacidad de la bater\u00eda<\/td>\n<td>220mAh<\/td>\n<\/tr>\n<tr>\n<td>Duraci\u00f3n de la bater\u00eda<\/td>\n<td>Aproximadamente 7 d\u00edas (control de la frecuencia card\u00edaca durante 24 horas)<\/td>\n<\/tr>\n<tr>\n<td>Grado de impermeabilidad<\/td>\n<td>IP68<\/td>\n<\/tr>\n<tr>\n<td>Temperatura de trabajo<\/td>\n<td>-0\u00b0C~45\u00b0C<\/td>\n<\/tr>\n<tr>\n<td>Requisitos del sistema<\/td>\n<td>Android 6.0 o IOS 11.0 y superior<\/td>\n<\/tr>\n<tr>\n<td>Plataforma de datos sincronizados<\/td>\n<td>Haylou Fun<\/td>\n<\/tr>\n<tr>\n<td>Modos de entrenamiento<\/td>\n<td>Correr al aire libre, correr en interiores, caminar, montar en bicicleta, escalar, hacer spinning, yoga, entrenamiento libre, gimnasia, baloncesto, f\u00fatbol y remo<\/td>\n<\/tr>\n<\/tbody>\n<\/table>\n<p>Smartwatch Haylou GS LS09A<\/p>\n<p>El smartwatch ideal para el d\u00eda a d\u00eda, gracias a su cuerpo compacto de solo 38 gramos es super c\u00f3modo de usar y sus 12 modos de ejercicio lo hacen el compa\u00f1ero perfecto para la actividad deportiva. Cuida tu salud gracias al sensor de ritmo card\u00edaco y ox\u00edgeno en sangre, adem\u00e1s cuenta con monitor de sue\u00f1o y alertas de inactividad para evitar el sedentarismo. Pod\u00e9s recibir notificaciones, cambiar las caras de reloj y controlar la m\u00fasica de tu celular.<br \/>\nTodo esto acompa\u00f1ado con un elegante dise\u00f1o con cuerpo de metal, malla de silicona y una resistencia al agua y al polvo certificada IP68.<\/p>\n<p><strong>CARACTER\u00cdSTICAS<\/strong><br \/>\n\u2022 Compatible con aplicaci\u00f3n Haylou Fun<br \/>\n\u2022 Alerta de inactividad cuando el usuario permanece mucho tiempo sentado<br \/>\n\u2022 Notificaciones inteligentes<br \/>\n\u2022 Control de la reproducci\u00f3n de m\u00fasica a partir del dispositivo m\u00f3vil conectado al reloj<br \/>\n\u2022 Monitorea hasta 12 deportes: caminata, caminata r\u00e1pida, carrera, ciclismo, carrera en interiores, spinning, escalada, yoga, remo, baloncesto, f\u00fatbol y entrenamiento al aire libre.<br \/>\n\u2022 Adem\u00e1s: Pod\u00f3metro \u2013 Medici\u00f3n de la frecuencia card\u00edaca y la saturaci\u00f3n de ox\u00edgeno en sangre (SpO2) a trav\u00e9s del pulso \u2013 Conteo de las calor\u00edas quemadas y de la distancia recorrida \u2013 Monitorea la calidad de sue\u00f1o \u2013 Cronometro \u2013 Alarma \u2013 Previsi\u00f3n del tiempo.<\/p>\n<p>ESPECIFICACIONES<br \/>\n\u2022 MARCA: Haylou<br \/>\n\u2022 MODELO: GS LS09A<br \/>\n\u2022 PANTALLA: Touch Screen de 1.28\u2033 TFT 240\u00d7240<br \/>\n\u2022 MATERIALES: Cuerpo de metal. Malla de silicona.<br \/>\n\u2022 COMPATIBILIDAD: Smartphones con iOS 11.0, Android 6.0 o versiones superiores de estos sistemas operativos<br \/>\n\u2022 CONECTIVIDAD INAL\u00c1MBRICA: Bluetooth 5.0<br \/>\n\u2022 SENSORES: Sensor de frecuencia card\u00edaca \u2013 Sensor de movimiento \u2013 Sensor de ox\u00edgeno en sangre<br \/>\n\u2022 RESISTENTE A AGUA: Certificaci\u00f3n IP68<br \/>\n\u2022 BATER\u00cdA: 220mAh<br \/>\n\u2022 DURACI\u00d3N DE LA BATER\u00cdA: Aproximadamente 7 d\u00edas para uso normal, hasta 20 d\u00edas en modo de uso prolongado<br \/>\n\u2022 PESO: 38g<br \/>\n\u2022 DIMENSIONES: 44.4 x 43 x 11.7 mm<br \/>\n\u2022 CONTENIDO DE LA CAJA: Cable USB para recarga \u2013 Manual de usuario.<\/p>\n","protected":false},"excerpt":{"rendered":"<p><span style=\"color: #ff0000\"><strong>Efectivo y Transferencia 15% OFF $48.500<\/strong><\/span><\/p>\n<p><span style=\"color: #000000\"><strong>3 Cuotas SIN INTER\u00c9S DE $18.591<\/strong><\/span><\/p>\n","protected":false},"featured_media":9690,"comment_status":"open","ping_status":"closed","template":"","meta":[],"product_cat":[92,115,15],"product_tag":[],"acf":[],"_links":{"self":[{"href":"https:\/\/cuyodigital.com\/cuyo\/wp-json\/wp\/v2\/product\/9622"}],"collection":[{"href":"https:\/\/cuyodigital.com\/cuyo\/wp-json\/wp\/v2\/product"}],"about":[{"href":"https:\/\/cuyodigital.com\/cuyo\/wp-json\/wp\/v2\/types\/product"}],"replies":[{"embeddable":true,"href":"https:\/\/cuyodigital.com\/cuyo\/wp-json\/wp\/v2\/comments?post=9622"}],"wp:featuredmedia":[{"embeddable":true,"href":"https:\/\/cuyodigital.com\/cuyo\/wp-json\/wp\/v2\/media\/9690"}],"wp:attachment":[{"href":"https:\/\/cuyodigital.com\/cuyo\/wp-json\/wp\/v2\/media?parent=9622"}],"wp:term":[{"taxonomy":"product_cat","embeddable":true,"href":"https:\/\/cuyodigital.com\/cuyo\/wp-json\/wp\/v2\/product_cat?post=9622"},{"taxonomy":"product_tag","embeddable":true,"href":"https:\/\/cuyodigital.com\/cuyo\/wp-json\/wp\/v2\/product_tag?post=9622"}],"curies":[{"name":"wp","href":"https:\/\/api.w.org\/{rel}","templated":true}]}}