{"id":9614,"date":"2024-07-11T01:13:35","date_gmt":"2024-07-11T01:13:35","guid":{"rendered":"https:\/\/cuyodigital.com\/cuyo\/?post_type=product&#038;p=9614"},"modified":"2025-04-22T18:17:17","modified_gmt":"2025-04-22T18:17:17","slug":"redmi-buds-5","status":"publish","type":"product","link":"https:\/\/cuyodigital.com\/cuyo\/producto\/redmi-buds-5\/","title":{"rendered":"Redmi Buds 5"},"content":{"rendered":"<p style=\"font-weight: 400\"><b><strong>A\u00edslate del mundo y sum\u00e9rgete en la m\u00fasica\u00a0\u00a0<\/strong><\/b><\/p>\n<p style=\"font-weight: 400\">Redmi Buds 5 tiene una profundidad de reducci\u00f3n de ruido de 46 dB. Hasta un 99,5% de reducci\u00f3n del ruido de fondo.<\/p>\n<p style=\"font-weight: 400\"><b><strong>Tres modos de cancelaci\u00f3n de ruido<\/strong><\/b><\/p>\n<p style=\"font-weight: 400\">Reducci\u00f3n de ruido y ajuste del modo de transparencia, lo que permite una c\u00f3moda selecci\u00f3n en diferentes entornos.<\/p>\n<p style=\"font-weight: 400\">Cancelaci\u00f3n de ruido profunda.<\/p>\n<p style=\"font-weight: 400\">Reducci\u00f3n de ruido de banda ancha a 2000 Hz, cubriendo m\u00e1s escenas de baja frecuencia en la vida diaria como el de la cabina de un avi\u00f3n o el metro.<\/p>\n<p style=\"font-weight: 400\">Cancelaci\u00f3n de ruido equilibrada.<\/p>\n<p style=\"font-weight: 400\">Escucha el mundo que te rodea. Ideal para calle y gimnasio.<\/p>\n<p style=\"font-weight: 400\">Cancelaci\u00f3n de ruido ligero<\/p>\n<p style=\"font-weight: 400\">Mantente al tanto de lo que ocurre a tu alrededor mientras disfrutas de tu m\u00fasica en lugares como la biblioteca y oficina<\/p>\n<p style=\"font-weight: 400\">Reducci\u00f3n de ruido AI para llamadas<\/p>\n<p style=\"font-weight: 400\">Redmi Buds 5 adopta por primera vez el algoritmo AI anti-ruido del viento desarrollado por Xiaomi, que puede soportar velocidades del viento de hasta 6 m\/s.<\/p>\n<p style=\"font-weight: 400\"><b><strong>Controlador din\u00e1mico de 12,4 mm con diafragma de titanio<\/strong><\/b><\/p>\n<p style=\"font-weight: 400\">El gran diafragma din\u00e1mico de 12,4 mm permite un \u00e1rea de vibraci\u00f3n m\u00e1s amplia y unos graves m\u00e1s profundos, mientras que el diafragma r\u00edgido y duro chapado en titanio ofrece unos agudos m\u00e1s puros.<\/p>\n<p style=\"font-weight: 400\"><b><strong>C\u00e1mara de sonido independiente<\/strong><\/b><\/p>\n<p style=\"font-weight: 400\">La c\u00e1mara de sonido independiente de los Redmi Buds 5 garantiza una excelente respuesta de frecuencia din\u00e1mica y consistencia del sonido, creando una experiencia m\u00e1s realista e inmersiva con distintas capas de sonidos de frecuencia alta, media y baja.<\/p>\n<p style=\"font-weight: 400\"><b><strong>Equilibrio de audio<\/strong><\/b><\/p>\n<p style=\"font-weight: 400\">Aj\u00fastelo f\u00e1cilmente con 4 configuraciones de EQ para lograr el sonido que desea.<\/p>\n<p style=\"font-weight: 400\"><b><strong>Bater\u00eda de duraci\u00f3n ultra larga\u00a0\u00a0<\/strong><\/b><\/p>\n<p style=\"font-weight: 400\">Hasta\u00a0<b><strong>10 horas<\/strong><\/b>\u00a0de escucha sin recargar. Cuando se usan con el estuche de carga, la duraci\u00f3n de la bater\u00eda puede durar hasta<b><strong>\u00a040 horas<\/strong><\/b>, por lo que pueden seguir funcionando todo el tiempo que los necesites.<\/p>\n<p style=\"font-weight: 400\">Con la carga r\u00e1pida, los auriculares pueden reproducir hasta 2 horas de m\u00fasica despu\u00e9s de una carga r\u00e1pida de 5 minutos.<\/p>\n<p style=\"font-weight: 400\"><b><strong>Experiencia de conexi\u00f3n conveniente<\/strong><\/b><\/p>\n<p style=\"font-weight: 400\">Emparejamiento r\u00e1pido de Google.<\/p>\n<p style=\"font-weight: 400\">Admite conectividad de dispositivo dual.<\/p>\n<p style=\"font-weight: 400\">Personaliza f\u00e1cilmente tus auriculares desde la aplicaci\u00f3n de auriculares Xiaomi.<\/p>\n<p style=\"font-weight: 400\"><b><strong>Especificaciones T\u00e9cnicas\u00a0<\/strong><\/b><\/p>\n<p style=\"font-weight: 400\"><b><strong>\u00a0<\/strong><\/b><\/p>\n<p style=\"font-weight: 400\"><b><strong>Dimensiones y peso<\/strong><\/b><\/p>\n<p style=\"font-weight: 400\">-Peso de un solo auricular: 5,3g<\/p>\n<p style=\"font-weight: 400\">-Tama\u00f1o de un solo auricular: 29,5 \u00d7 21,4 \u00d7 23,5 mm<\/p>\n<p style=\"font-weight: 400\">-Peso del estuche de carga: 31,4g<\/p>\n<p style=\"font-weight: 400\">-Dimensiones del estuche de carga: 61 \u00d7 50 \u00d7 24,6 mm<\/p>\n<p style=\"font-weight: 400\">-Peso total: 42g<\/p>\n<p style=\"font-weight: 400\"><b><strong>Bater\u00eda<\/strong><\/b><\/p>\n<p style=\"font-weight: 400\">Capacidad de la bater\u00eda<\/p>\n<p style=\"font-weight: 400\">-Estuche de carga: 480mAh<\/p>\n<p style=\"font-weight: 400\">-Puerto de carga: USB-C<\/p>\n<p style=\"font-weight: 400\">-Par\u00e1metros de entrada de auriculares: 5V-150mA<\/p>\n<p style=\"font-weight: 400\">-Par\u00e1metros de entrada del estuche de carga: 5V-500mA<\/p>\n<p style=\"font-weight: 400\">-Par\u00e1metros de salida del estuche de carga: 5V-320mA<\/p>\n<p style=\"font-weight: 400\"><b><strong>Conexi\u00f3n<\/strong><\/b><\/p>\n<p style=\"font-weight: 400\">-Conexi\u00f3n: inal\u00e1mbrica<\/p>\n<p style=\"font-weight: 400\">-Bluetooth: 5.3<\/p>\n<p style=\"font-weight: 400\">-Rango de comunicaci\u00f3n: 10m (espacio abierto libre de obst\u00e1culos)<\/p>\n<p style=\"font-weight: 400\">-Impedancia del altavoz: 32\u03a9<\/p>\n","protected":false},"excerpt":{"rendered":"<p><span style=\"color: #ff0000\"><strong>Efectivo o Transferencia 15% OFF <\/strong><\/span><strong><span style=\"color: #ff0000\">$91.885<\/span><br \/>\n<span style=\"color: #000000\">Hasta 3 Cuotas SIN INTER\u00c9S DE\u00a0\u00a0<\/span><\/strong><span style=\"color: #000000\"><strong>$35.222<\/strong><\/span><\/p>\n","protected":false},"featured_media":9615,"comment_status":"open","ping_status":"closed","template":"","meta":[],"product_cat":[121,160,157],"product_tag":[],"acf":[],"_links":{"self":[{"href":"https:\/\/cuyodigital.com\/cuyo\/wp-json\/wp\/v2\/product\/9614"}],"collection":[{"href":"https:\/\/cuyodigital.com\/cuyo\/wp-json\/wp\/v2\/product"}],"about":[{"href":"https:\/\/cuyodigital.com\/cuyo\/wp-json\/wp\/v2\/types\/product"}],"replies":[{"embeddable":true,"href":"https:\/\/cuyodigital.com\/cuyo\/wp-json\/wp\/v2\/comments?post=9614"}],"wp:featuredmedia":[{"embeddable":true,"href":"https:\/\/cuyodigital.com\/cuyo\/wp-json\/wp\/v2\/media\/9615"}],"wp:attachment":[{"href":"https:\/\/cuyodigital.com\/cuyo\/wp-json\/wp\/v2\/media?parent=9614"}],"wp:term":[{"taxonomy":"product_cat","embeddable":true,"href":"https:\/\/cuyodigital.com\/cuyo\/wp-json\/wp\/v2\/product_cat?post=9614"},{"taxonomy":"product_tag","embeddable":true,"href":"https:\/\/cuyodigital.com\/cuyo\/wp-json\/wp\/v2\/product_tag?post=9614"}],"curies":[{"name":"wp","href":"https:\/\/api.w.org\/{rel}","templated":true}]}}