{"id":9425,"date":"2024-03-28T23:59:08","date_gmt":"2024-03-28T23:59:08","guid":{"rendered":"https:\/\/cuyodigital.com\/cuyo\/?post_type=product&#038;p=9425"},"modified":"2025-05-21T15:10:37","modified_gmt":"2025-05-21T15:10:37","slug":"airpods-pro","status":"publish","type":"product","link":"https:\/\/cuyodigital.com\/cuyo\/producto\/airpods-pro\/","title":{"rendered":"AirPods Pro"},"content":{"rendered":"<h2 class=\"techspecs-rowheader typography-intro-product\">Tecnolog\u00eda de\u00a0audio<\/h2>\n<ul class=\"techspecs-list\">\n<li>Controlador de alta excursi\u00f3n dise\u00f1ado por\u00a0Apple<\/li>\n<li>Amplificador exclusivo con alto rango din\u00e1mico<\/li>\n<li>Audio Adaptativo<\/li>\n<li>Cancelaci\u00f3n Activa de Ruido<\/li>\n<li>Modo Ambiente<\/li>\n<li>Reconocimiento de Conversaci\u00f3n<\/li>\n<li>Volumen Personalizado<\/li>\n<li>Reducci\u00f3n de ruidos fuertes<\/li>\n<li>Ecualizaci\u00f3n de presi\u00f3n mediante un sistema de ventilaci\u00f3n<\/li>\n<li>Audio espacial personalizado con seguimiento din\u00e1mico de la cabeza<sup class=\"footnote footnote-number\"><a href=\"https:\/\/www.apple.com\/la\/airpods-pro\/specs\/#footnote-2\" aria-label=\"Nota a pie de p\u00e1gina 2\" data-modal-close=\"\">2<\/a><\/sup><\/li>\n<li>Ecualizaci\u00f3n Adaptativa<\/li>\n<\/ul>\n<h2 class=\"techspecs-rowheader typography-intro-product\">Sensores<\/h2>\n<ul class=\"techspecs-list\">\n<li>Dos micr\u00f3fonos con tecnolog\u00eda beamforming<\/li>\n<li>Micr\u00f3fono orientado hacia adentro<\/li>\n<li>Sensor de detecci\u00f3n de piel<\/li>\n<li>Aceler\u00f3metro con detecci\u00f3n de movimiento<\/li>\n<li>Aceler\u00f3metro con detecci\u00f3n de voz<\/li>\n<li>Control t\u00e1ctil<\/li>\n<\/ul>\n<h2 class=\"techspecs-rowheader typography-intro-product\">Resistencia al polvo, al agua y\u00a0al\u00a0sudor<\/h2>\n<ul class=\"techspecs-list\">\n<li>Resistentes al polvo, al agua y al sudor (IP54): AirPods\u00a0Pro y estuche de carga<\/li>\n<\/ul>\n<h2 class=\"techspecs-rowheader typography-intro-product\">Estuche de carga<\/h2>\n<ul class=\"techspecs-list\">\n<li>Funciona con el cargador MagSafe, cargadores para el Apple\u00a0Watch, cargadores con certificaci\u00f3n\u00a0Qi o con un conector USB\u2011C<\/li>\n<\/ul>\n<h2 class=\"techspecs-rowheader typography-intro-product\">Bater\u00eda<\/h2>\n<ul class=\"techspecs-list\">\n<li>Hasta 6\u00a0horas de audio con una sola carga (hasta 5.5\u00a0horas con el audio espacial y seguimiento din\u00e1mico de la cabeza activados)<sup class=\"footnote footnote-number\"><a href=\"https:\/\/www.apple.com\/la\/airpods-pro\/specs\/#footnote-5\" aria-label=\"Nota a pie de p\u00e1gina 5\" data-modal-close=\"\">5<\/a><\/sup><\/li>\n<li>Hasta 4.5\u00a0horas de conversaci\u00f3n con una sola carga<\/li>\n<\/ul>\n<h2 class=\"techspecs-rowheader typography-intro-product\">Conectividad<\/h2>\n<ul>\n<li>Tecnolog\u00eda inal\u00e1mbrica Bluetooth\u00a05.3<\/li>\n<\/ul>\n<h2 class=\"techspecs-rowheader typography-intro-product\">Accesibilidad<\/h2>\n<p>Las funcionalidades de accesibilidad ayudan a las personas con alguna discapacidad a aprovechar al m\u00e1ximo sus AirPods\u00a0Pro. Funcionalidades incluidas:<\/p>\n<ul class=\"techspecs-list\">\n<li>Funcionalidad de audio Escucha en Vivo<\/li>\n<li>Niveles de los aud\u00edfonos<\/li>\n<li>Adaptaciones de Aud\u00edfonos<\/li>\n<li>Amplificaci\u00f3n de la Conversaci\u00f3n<\/li>\n<\/ul>\n<p>&nbsp;<\/p>\n<p>&nbsp;<\/p>\n","protected":false},"excerpt":{"rendered":"<p><span style=\"color: #ff0000\"><strong>Efectivo y Transferencia 15% OFF $91.999<\/strong><\/span><\/p>\n<p><strong><span style=\"color: #000000\"><span class=\"woocommerce-Price-currencySymbol\"><span data-sheets-value=\"{&quot;1&quot;:3,&quot;3&quot;:28800}\" data-sheets-userformat=\"{&quot;2&quot;:15315,&quot;3&quot;:{&quot;1&quot;:4,&quot;2&quot;:&quot;[$$]#,##0&quot;},&quot;4&quot;:{&quot;1&quot;:3,&quot;3&quot;:2},&quot;7&quot;:{&quot;1&quot;:[{&quot;1&quot;:2,&quot;2&quot;:0,&quot;5&quot;:{&quot;1&quot;:2,&quot;2&quot;:14277081}},{&quot;1&quot;:0,&quot;2&quot;:0,&quot;3&quot;:4},{&quot;1&quot;:1,&quot;2&quot;:0,&quot;4&quot;:3}]},&quot;9&quot;:1,&quot;10&quot;:1,&quot;11&quot;:0,&quot;12&quot;:0,&quot;14&quot;:{&quot;1&quot;:2,&quot;2&quot;:0},&quot;15&quot;:&quot;Arial&quot;,&quot;16&quot;:7}\">3 Cuotas sin inter\u00e9s $35.266<\/span><\/span><\/span><\/strong><\/p>\n","protected":false},"featured_media":9426,"comment_status":"open","ping_status":"closed","template":"","meta":[],"product_cat":[121,157],"product_tag":[],"acf":[],"_links":{"self":[{"href":"https:\/\/cuyodigital.com\/cuyo\/wp-json\/wp\/v2\/product\/9425"}],"collection":[{"href":"https:\/\/cuyodigital.com\/cuyo\/wp-json\/wp\/v2\/product"}],"about":[{"href":"https:\/\/cuyodigital.com\/cuyo\/wp-json\/wp\/v2\/types\/product"}],"replies":[{"embeddable":true,"href":"https:\/\/cuyodigital.com\/cuyo\/wp-json\/wp\/v2\/comments?post=9425"}],"wp:featuredmedia":[{"embeddable":true,"href":"https:\/\/cuyodigital.com\/cuyo\/wp-json\/wp\/v2\/media\/9426"}],"wp:attachment":[{"href":"https:\/\/cuyodigital.com\/cuyo\/wp-json\/wp\/v2\/media?parent=9425"}],"wp:term":[{"taxonomy":"product_cat","embeddable":true,"href":"https:\/\/cuyodigital.com\/cuyo\/wp-json\/wp\/v2\/product_cat?post=9425"},{"taxonomy":"product_tag","embeddable":true,"href":"https:\/\/cuyodigital.com\/cuyo\/wp-json\/wp\/v2\/product_tag?post=9425"}],"curies":[{"name":"wp","href":"https:\/\/api.w.org\/{rel}","templated":true}]}}