{"id":8666,"date":"2023-09-27T14:35:31","date_gmt":"2023-09-27T14:35:31","guid":{"rendered":"https:\/\/cuyodigital.com\/cuyo\/?post_type=product&#038;p=8666"},"modified":"2025-04-25T21:16:05","modified_gmt":"2025-04-25T21:16:05","slug":"amazon-fire-hd8","status":"publish","type":"product","link":"https:\/\/cuyodigital.com\/cuyo\/producto\/amazon-fire-hd8\/","title":{"rendered":"Amazon Fire HD 8"},"content":{"rendered":"<h2 class=\"block-title_block__txZ14 block-title_title__cbJVT\">Especificaciones t\u00e9cnicas:<\/h2>\n<div class=\"specifications-table_containTable__uF5rM specifications-table_close__DZwL4\">\n<table class=\"specifications-table_tableVariant__pStAt\">\n<tbody>\n<tr>\n<td>Pantalla<\/td>\n<td>IPS<\/p>\n<p>8.0 pulgadas<\/p>\n<p>Resoluci\u00f3n 1200&#215;800 pixeles<\/p>\n<p>189 ppp<\/td>\n<\/tr>\n<tr>\n<td>Procesador<\/td>\n<td>MediaTek MT8163<\/p>\n<p>Cortex A53, 4 nucleos, 1.30Ghz<\/td>\n<\/tr>\n<tr>\n<td>GPU<\/td>\n<td>ARM Mali-T720 MP2<\/td>\n<\/tr>\n<tr>\n<td>Memoria RAM<\/td>\n<td>1.5 GB<\/td>\n<\/tr>\n<tr>\n<td>Almacenamiento<\/td>\n<td>16 GB, 32 GB<\/p>\n<p>microSD hasta 128 GB<\/td>\n<\/tr>\n<tr>\n<td>C\u00e1maras principales<\/td>\n<td>Principal: 2.0 Mpx<\/p>\n<p>V\u00eddeo HD 720p<\/td>\n<\/tr>\n<tr>\n<td>C\u00e1mara frontal<\/td>\n<td>0.3 Mpx<\/td>\n<\/tr>\n<tr>\n<td>Bater\u00eda<\/td>\n<td>4750 mAh<\/td>\n<\/tr>\n<tr>\n<td>Sistema Operativo<\/td>\n<td>Fire OS<\/td>\n<\/tr>\n<tr>\n<td>Conectividad<\/td>\n<td>Bluetooh 4.0, A2DP, LE<\/p>\n<p>WiFi 802.11 a\/b\/g\/n\/ac, dual-band, WiFi Direct, hotspot<\/p>\n<p>USB micro USB v2.0<\/p>\n<p>Sonido Dolby, Aceler\u00f3metro, giroscopio y sensor de luz ambiental<\/td>\n<\/tr>\n<tr>\n<td>Dimensiones y peso<\/td>\n<td>128.00 mm x 214.00 mm x 9.20 mm<\/p>\n<p>341 g<\/td>\n<\/tr>\n<\/tbody>\n<\/table>\n<p>Las\u00a0<strong>dimensiones del Amazon Fire HD 8<\/strong>\u00a0son: 214 mm de ancho, 128 mm de alto y 9,2 mm de grosor en su perfil, mientras que su peso es de 341 g.<\/p>\n<p>El\u00a0<strong>Amazon Fire HD 8<\/strong>\u00a0tiene un tama\u00f1o de pantalla de 8&#8243; , con una resoluci\u00f3n de 1200&#215;800. La pantalla es de tipo IPS. Tiene una densidad de p\u00edxeles de 189 ppp.<\/p>\n<p>El Amazon Fire HD 8 trabaja con un cpu MediaTek MT8163 de 1 n\u00facleos que alcanza una velocidad de reloj de 1,3 GHz. M\u00e1s\u00a0<strong>caracter\u00edsticas t\u00e9cnicas<\/strong>: en el apartado de memoria, contamos con 1.5 GB de memoria RAM y 16 GB para almacenamiento de archivos, apps y datos. La memoria de almacenamiento se puede ampliar v\u00eda microSD.<\/p>\n<p>El\u00a0<strong>Amazon Fire HD 8<\/strong>\u00a0corre la versi\u00f3n Fire OS de Android.<\/p>\n<p>En el Fire HD 8 contamos con una c\u00e1mara principal \u2013o trasera- con una resoluci\u00f3n de 2 MP. Es capaz de grabar v\u00eddeo HD 720p MP. Adem\u00e1s, contamos tambi\u00e9n con c\u00e1mara frontal o secundaria , que tiene una resoluci\u00f3n de 0,3 MP.<\/p>\n<p>El\u00a0<strong>Amazon Fire HD 8<\/strong>\u00a0tiene una\u00a0<strong>bater\u00eda<\/strong>\u00a0con una capacidad de 4750 mAh. La bater\u00eda no es extra\u00edble, por lo que no puedes reemplazarla si se desgasta o estropea.<\/p>\n<p>En cuanto a conectividad, y adem\u00e1s de las\u00a0<strong>especificaciones t\u00e9cnicas<\/strong>\u00a0que tienes a la izquierda.<\/p>\n<\/div>\n","protected":false},"excerpt":{"rendered":"<p><strong><span style=\"color: #000000\">Efectivo<\/span><\/strong><\/p>\n<p><strong><span style=\"color: #000000\"><span class=\"woocommerce-Price-currencySymbol\"><span data-sheets-value=\"{&quot;1&quot;:3,&quot;3&quot;:81300}\" data-sheets-userformat=\"{&quot;2&quot;:15359,&quot;3&quot;:{&quot;1&quot;:4,&quot;2&quot;:&quot;[$$]#,##0&quot;},&quot;4&quot;:{&quot;1&quot;:3,&quot;3&quot;:2},&quot;5&quot;:{&quot;1&quot;:[{&quot;1&quot;:2,&quot;2&quot;:0,&quot;5&quot;:{&quot;1&quot;:2,&quot;2&quot;:14277081}},{&quot;1&quot;:0,&quot;2&quot;:0,&quot;3&quot;:4},{&quot;1&quot;:1,&quot;2&quot;:0,&quot;4&quot;:3}]},&quot;6&quot;:{&quot;1&quot;:[{&quot;1&quot;:2,&quot;2&quot;:0,&quot;5&quot;:{&quot;1&quot;:2,&quot;2&quot;:14277081}},{&quot;1&quot;:0,&quot;2&quot;:0,&quot;3&quot;:4},{&quot;1&quot;:1,&quot;2&quot;:0,&quot;4&quot;:3}]},&quot;7&quot;:{&quot;1&quot;:[{&quot;1&quot;:2,&quot;2&quot;:0,&quot;5&quot;:{&quot;1&quot;:2,&quot;2&quot;:14277081}},{&quot;1&quot;:0,&quot;2&quot;:0,&quot;3&quot;:4},{&quot;1&quot;:1,&quot;2&quot;:0,&quot;4&quot;:3}]},&quot;8&quot;:{&quot;1&quot;:[{&quot;1&quot;:2,&quot;2&quot;:0,&quot;5&quot;:{&quot;1&quot;:2,&quot;2&quot;:14277081}},{&quot;1&quot;:0,&quot;2&quot;:0,&quot;3&quot;:4},{&quot;1&quot;:1,&quot;2&quot;:0,&quot;4&quot;:3}]},&quot;9&quot;:1,&quot;10&quot;:1,&quot;11&quot;:0,&quot;12&quot;:0,&quot;14&quot;:{&quot;1&quot;:2,&quot;2&quot;:0},&quot;15&quot;:&quot;Arial&quot;,&quot;16&quot;:7}\">$180.000<\/span><\/span><\/span><\/strong><\/p>\n","protected":false},"featured_media":8667,"comment_status":"open","ping_status":"closed","template":"","meta":[],"product_cat":[120,15],"product_tag":[],"acf":[],"_links":{"self":[{"href":"https:\/\/cuyodigital.com\/cuyo\/wp-json\/wp\/v2\/product\/8666"}],"collection":[{"href":"https:\/\/cuyodigital.com\/cuyo\/wp-json\/wp\/v2\/product"}],"about":[{"href":"https:\/\/cuyodigital.com\/cuyo\/wp-json\/wp\/v2\/types\/product"}],"replies":[{"embeddable":true,"href":"https:\/\/cuyodigital.com\/cuyo\/wp-json\/wp\/v2\/comments?post=8666"}],"wp:featuredmedia":[{"embeddable":true,"href":"https:\/\/cuyodigital.com\/cuyo\/wp-json\/wp\/v2\/media\/8667"}],"wp:attachment":[{"href":"https:\/\/cuyodigital.com\/cuyo\/wp-json\/wp\/v2\/media?parent=8666"}],"wp:term":[{"taxonomy":"product_cat","embeddable":true,"href":"https:\/\/cuyodigital.com\/cuyo\/wp-json\/wp\/v2\/product_cat?post=8666"},{"taxonomy":"product_tag","embeddable":true,"href":"https:\/\/cuyodigital.com\/cuyo\/wp-json\/wp\/v2\/product_tag?post=8666"}],"curies":[{"name":"wp","href":"https:\/\/api.w.org\/{rel}","templated":true}]}}