{"id":8657,"date":"2023-09-27T13:46:50","date_gmt":"2023-09-27T13:46:50","guid":{"rendered":"https:\/\/cuyodigital.com\/cuyo\/?post_type=product&#038;p=8657"},"modified":"2025-04-22T17:38:03","modified_gmt":"2025-04-22T17:38:03","slug":"soul-zoo","status":"publish","type":"product","link":"https:\/\/cuyodigital.com\/cuyo\/producto\/soul-zoo\/","title":{"rendered":"Soul Zoo"},"content":{"rendered":"<p>Estos divertidos Parlantes cuentan con Funci\u00f3n TWS. Pod\u00e9s conectar dos Parlantes Zoo al mismo Bluetooth y el sonido saldr\u00e1 de ambos a la vez!<\/p>\n<ul>\n<li>Bluetooth: Si-<\/li>\n<li>Dimensiones: 8cm. x 17cm. x 8cm. (Aprox.)-<\/li>\n<li>Entrada Auxiliar: Si<\/li>\n<li>Tipo: Bluetooth<\/li>\n<li>Marca: Soul<\/li>\n<\/ul>\n","protected":false},"excerpt":{"rendered":"<p><strong><span style=\"color: #000000\"><span style=\"color: #ff0000\">Efectivo o Transferencia 15% OFF <\/span><\/span><\/strong><strong><span style=\"color: #000000\"><span style=\"color: #ff0000\">$25.000<\/span><\/span><span style=\"color: #000000\"><span style=\"color: #ff0000\"><br \/>\n<span style=\"color: #000000\">Hasta 3 Cuotas SIN INTER\u00c9S DE\u00a0\u00a0<\/span><\/span><\/span><\/strong><span style=\"color: #000000\"><strong>$9.583<\/strong><\/span><\/p>\n","protected":false},"featured_media":8658,"comment_status":"open","ping_status":"closed","template":"","meta":[],"product_cat":[129,148],"product_tag":[],"acf":[],"_links":{"self":[{"href":"https:\/\/cuyodigital.com\/cuyo\/wp-json\/wp\/v2\/product\/8657"}],"collection":[{"href":"https:\/\/cuyodigital.com\/cuyo\/wp-json\/wp\/v2\/product"}],"about":[{"href":"https:\/\/cuyodigital.com\/cuyo\/wp-json\/wp\/v2\/types\/product"}],"replies":[{"embeddable":true,"href":"https:\/\/cuyodigital.com\/cuyo\/wp-json\/wp\/v2\/comments?post=8657"}],"wp:featuredmedia":[{"embeddable":true,"href":"https:\/\/cuyodigital.com\/cuyo\/wp-json\/wp\/v2\/media\/8658"}],"wp:attachment":[{"href":"https:\/\/cuyodigital.com\/cuyo\/wp-json\/wp\/v2\/media?parent=8657"}],"wp:term":[{"taxonomy":"product_cat","embeddable":true,"href":"https:\/\/cuyodigital.com\/cuyo\/wp-json\/wp\/v2\/product_cat?post=8657"},{"taxonomy":"product_tag","embeddable":true,"href":"https:\/\/cuyodigital.com\/cuyo\/wp-json\/wp\/v2\/product_tag?post=8657"}],"curies":[{"name":"wp","href":"https:\/\/api.w.org\/{rel}","templated":true}]}}