{"id":8655,"date":"2023-09-26T21:35:30","date_gmt":"2023-09-26T21:35:30","guid":{"rendered":"https:\/\/cuyodigital.com\/cuyo\/?post_type=product&#038;p=8655"},"modified":"2025-04-22T17:38:53","modified_gmt":"2025-04-22T17:38:53","slug":"soul-vintage-style-xs450","status":"publish","type":"product","link":"https:\/\/cuyodigital.com\/cuyo\/producto\/soul-vintage-style-xs450\/","title":{"rendered":"Soul Vintage Style XS 450"},"content":{"rendered":"<p>El Parlante Vintage Style XS 450 combina un sonido n\u00edtido y potente.<br \/>\nSu dise\u00f1o cl\u00e1sico es ideal para crear armon\u00eda con la decoraci\u00f3n de tu hogar.<\/p>\n<ul class=\"i8Z77e\">\n<li class=\"TrT0Xe\">Altavoz.<\/li>\n<li class=\"TrT0Xe\">\u00d8 52mm*2.<\/li>\n<li class=\"TrT0Xe\">Bluetooth.<\/li>\n<li class=\"TrT0Xe\">5.0 &#8211; Alcance de 10 Metros.<\/li>\n<li class=\"TrT0Xe\">Dimensiones.<\/li>\n<li class=\"TrT0Xe\">17cm. x 7cm. x 5,2cm. ( Aprox.)<\/li>\n<li class=\"TrT0Xe\">Duraci\u00f3n de la bater\u00eda.<\/li>\n<li class=\"TrT0Xe\">3Hs. ( Aprox.)<\/li>\n<\/ul>\n","protected":false},"excerpt":{"rendered":"<p><strong><span style=\"color: #000000\"><span style=\"color: #ff0000\">Efectivo o Transferencia 15% OFF <\/span><\/span><\/strong><strong><span style=\"color: #000000\"><span style=\"color: #ff0000\">$38.999<\/span><\/span><span style=\"color: #000000\"><span style=\"color: #ff0000\"><br \/>\n<span style=\"color: #000000\">Hasta 3 Cuotas SIN INTER\u00c9S DE\u00a0\u00a0<\/span><\/span><\/span><\/strong><span style=\"color: #000000\"><strong>$14.949<\/strong><\/span><\/p>\n","protected":false},"featured_media":8656,"comment_status":"open","ping_status":"closed","template":"","meta":[],"product_cat":[129,148],"product_tag":[],"acf":[],"_links":{"self":[{"href":"https:\/\/cuyodigital.com\/cuyo\/wp-json\/wp\/v2\/product\/8655"}],"collection":[{"href":"https:\/\/cuyodigital.com\/cuyo\/wp-json\/wp\/v2\/product"}],"about":[{"href":"https:\/\/cuyodigital.com\/cuyo\/wp-json\/wp\/v2\/types\/product"}],"replies":[{"embeddable":true,"href":"https:\/\/cuyodigital.com\/cuyo\/wp-json\/wp\/v2\/comments?post=8655"}],"wp:featuredmedia":[{"embeddable":true,"href":"https:\/\/cuyodigital.com\/cuyo\/wp-json\/wp\/v2\/media\/8656"}],"wp:attachment":[{"href":"https:\/\/cuyodigital.com\/cuyo\/wp-json\/wp\/v2\/media?parent=8655"}],"wp:term":[{"taxonomy":"product_cat","embeddable":true,"href":"https:\/\/cuyodigital.com\/cuyo\/wp-json\/wp\/v2\/product_cat?post=8655"},{"taxonomy":"product_tag","embeddable":true,"href":"https:\/\/cuyodigital.com\/cuyo\/wp-json\/wp\/v2\/product_tag?post=8655"}],"curies":[{"name":"wp","href":"https:\/\/api.w.org\/{rel}","templated":true}]}}