{"id":8639,"date":"2023-09-23T18:54:09","date_gmt":"2023-09-23T18:54:09","guid":{"rendered":"https:\/\/cuyodigital.com\/cuyo\/?post_type=product&#038;p=8639"},"modified":"2025-04-22T18:22:26","modified_gmt":"2025-04-22T18:22:26","slug":"soul-vincha-s600","status":"publish","type":"product","link":"https:\/\/cuyodigital.com\/cuyo\/producto\/soul-vincha-s600\/","title":{"rendered":"Soul Vincha S600"},"content":{"rendered":"<h1><strong>Auriculares Bluetooth S600<\/strong><\/h1>\n<ul>\n<li><span data-mce-mark=\"1\">Nuevos\u00a0Auricular Bluetooth Stereo con control de volumen y micr\u00f3fono. <\/span><span data-mce-mark=\"1\">Permite la utilizaci\u00f3n de memoria permitiendo as\u00ed reproducci\u00f3n de m\u00fasica sin necesidad de dispositivos externos.<\/span>\u00a0Desde el auricular podes regular el volumen, cambiar las pistas y si lo tenes conectado con el bluetooth podes atender y cortar las llamadas, adem\u00e1s cuenta con un micr\u00f3fono de alta potencia.<\/li>\n<li>\u00a0Capacidad: 50mW<\/li>\n<li>Impedancia: 32\u03a9<\/li>\n<li>Sensibilidad: 108 dB\/mW<\/li>\n<li>Frecuencia: 12-22000 Hz<\/li>\n<li>Conector: 3.5mm<\/li>\n<\/ul>\n","protected":false},"excerpt":{"rendered":"<p><span style=\"color: #ff0000\"><strong>Efectivo o Transferencia 15% OFF <\/strong><\/span><strong><span style=\"color: #ff0000\">$35.000<\/span><br \/>\n<span style=\"color: #000000\">Hasta 3 Cuotas SIN INTER\u00c9S DE\u00a0\u00a0<\/span><\/strong><span style=\"color: #000000\"><strong>$13.416<\/strong><\/span><\/p>\n","protected":false},"featured_media":8640,"comment_status":"open","ping_status":"closed","template":"","meta":[],"product_cat":[121,146],"product_tag":[],"acf":[],"_links":{"self":[{"href":"https:\/\/cuyodigital.com\/cuyo\/wp-json\/wp\/v2\/product\/8639"}],"collection":[{"href":"https:\/\/cuyodigital.com\/cuyo\/wp-json\/wp\/v2\/product"}],"about":[{"href":"https:\/\/cuyodigital.com\/cuyo\/wp-json\/wp\/v2\/types\/product"}],"replies":[{"embeddable":true,"href":"https:\/\/cuyodigital.com\/cuyo\/wp-json\/wp\/v2\/comments?post=8639"}],"wp:featuredmedia":[{"embeddable":true,"href":"https:\/\/cuyodigital.com\/cuyo\/wp-json\/wp\/v2\/media\/8640"}],"wp:attachment":[{"href":"https:\/\/cuyodigital.com\/cuyo\/wp-json\/wp\/v2\/media?parent=8639"}],"wp:term":[{"taxonomy":"product_cat","embeddable":true,"href":"https:\/\/cuyodigital.com\/cuyo\/wp-json\/wp\/v2\/product_cat?post=8639"},{"taxonomy":"product_tag","embeddable":true,"href":"https:\/\/cuyodigital.com\/cuyo\/wp-json\/wp\/v2\/product_tag?post=8639"}],"curies":[{"name":"wp","href":"https:\/\/api.w.org\/{rel}","templated":true}]}}