{"id":8621,"date":"2023-09-23T16:18:07","date_gmt":"2023-09-23T16:18:07","guid":{"rendered":"https:\/\/cuyodigital.com\/cuyo\/?post_type=product&#038;p=8621"},"modified":"2025-04-22T18:32:47","modified_gmt":"2025-04-22T18:32:47","slug":"marley-little-bird","status":"publish","type":"product","link":"https:\/\/cuyodigital.com\/cuyo\/producto\/marley-little-bird\/","title":{"rendered":"Marley Little Bird"},"content":{"rendered":"<p>Little Bird es un aud\u00edfono in-ear conveniente y elaborado de materiales reciclados. Ofrece comodidad, calidad y rendimiento. La cabeza del aud\u00edfono es fabricado con Eco- Pl\u00e1stico y tiene un potente driver de 9,2mm.<\/p>\n<p>El limpio y elegante dise\u00f1o hace que el aud\u00edfono Little Bird sea el complemento perfecto para tu estilo de vida y la m\u00fasica que quieras escuchar. El modelo incluye micr\u00f3fono para que puedas hacer todo tipo de llamadas mientras caminas.<\/p>\n<ul>\n<li>Aud\u00edfono in-ear<\/li>\n<li>Driver 9,2mm<\/li>\n<li>2 gomas de repuesto (tama\u00f1o small y medium)<\/li>\n<li>70% de material reciclado<\/li>\n<li>Micr\u00f3fono incorporado de 1 bot\u00f3n<\/li>\n<li>Cabeza de aud\u00edfono de Eco-Pl\u00e1stico<\/li>\n<li style=\"list-style-type: none\"><\/li>\n<\/ul>\n<ul>\n<li style=\"list-style-type: none\"><\/li>\n<\/ul>\n<ul>\n<li style=\"list-style-type: none\"><\/li>\n<\/ul>\n<ul>\n<li style=\"list-style-type: none\"><\/li>\n<\/ul>\n","protected":false},"excerpt":{"rendered":"<p><span style=\"color: #ff0000\"><strong>Efectivo o Transferencia 15% OFF <\/strong><\/span><strong><span style=\"color: #ff0000\">$9.999<\/span><br \/>\n<span style=\"color: #000000\">Hasta 3 Cuotas SIN INTER\u00c9S DE\u00a0\u00a0<\/span><\/strong><span style=\"color: #000000\"><strong>$3.832<\/strong><\/span><\/p>\n","protected":false},"featured_media":8622,"comment_status":"open","ping_status":"closed","template":"","meta":[],"product_cat":[121,147],"product_tag":[],"acf":[],"_links":{"self":[{"href":"https:\/\/cuyodigital.com\/cuyo\/wp-json\/wp\/v2\/product\/8621"}],"collection":[{"href":"https:\/\/cuyodigital.com\/cuyo\/wp-json\/wp\/v2\/product"}],"about":[{"href":"https:\/\/cuyodigital.com\/cuyo\/wp-json\/wp\/v2\/types\/product"}],"replies":[{"embeddable":true,"href":"https:\/\/cuyodigital.com\/cuyo\/wp-json\/wp\/v2\/comments?post=8621"}],"wp:featuredmedia":[{"embeddable":true,"href":"https:\/\/cuyodigital.com\/cuyo\/wp-json\/wp\/v2\/media\/8622"}],"wp:attachment":[{"href":"https:\/\/cuyodigital.com\/cuyo\/wp-json\/wp\/v2\/media?parent=8621"}],"wp:term":[{"taxonomy":"product_cat","embeddable":true,"href":"https:\/\/cuyodigital.com\/cuyo\/wp-json\/wp\/v2\/product_cat?post=8621"},{"taxonomy":"product_tag","embeddable":true,"href":"https:\/\/cuyodigital.com\/cuyo\/wp-json\/wp\/v2\/product_tag?post=8621"}],"curies":[{"name":"wp","href":"https:\/\/api.w.org\/{rel}","templated":true}]}}