{"id":8595,"date":"2023-09-23T14:59:08","date_gmt":"2023-09-23T14:59:08","guid":{"rendered":"https:\/\/cuyodigital.com\/cuyo\/?post_type=product&#038;p=8595"},"modified":"2025-04-22T18:44:49","modified_gmt":"2025-04-22T18:44:49","slug":"motorola-buds-250","status":"publish","type":"product","link":"https:\/\/cuyodigital.com\/cuyo\/producto\/motorola-buds-250\/","title":{"rendered":"Motorola Buds 250"},"content":{"rendered":"<p>Los nuevos Motorola VerveBuds 250 con tecnolog\u00eda True Wireless cuentan con conexi\u00f3n Bluetooth 5.0 que les permite sincronizarse con tel\u00e9fonos, ordenadores o tablets. Adem\u00e1s, puedes conectarte a cualquier aparato independientemente de lo que est\u00e9s utilizando\u2026 Puedes conectarte al tel\u00e9fono m\u00f3vil mientras vas en metro pero al ordenador cuando llegas a casa o a la tablet si vas a ver una pel\u00edcula y vas a descansar de trabajar en el sof\u00e1.<\/p>\n<p>Detecci\u00f3n \u00f3ptica<\/p>\n<p>Tienen detecci\u00f3n \u00f3ptica en o\u00eddo por lo que la m\u00fasica se pausar\u00e1 autom\u00e1ticamente cuando te quites el auricular o el podcast o audiolibro que est\u00e9s escuchando, lo que permitir\u00e1 que no te pierdas nada. Al pon\u00e9rtelo de nuevo volver\u00e1 a reproducirse por donde iba cuando ya est\u00e9 en la oreja.<\/p>\n<p>Micr\u00f3fono y asistentes de voz<\/p>\n<p>Tienen interfaz t\u00e1ctil y micr\u00f3fono integrado por lo que podemos usarlos para hablar por tel\u00e9fono aunque el micr\u00f3fono tambi\u00e9n nos permitir\u00e1 comunicarnos con los principales asistentes de voz como Siri, Alexa o Google Assistant. O podremos configurar los auriculares con la app Hubble Conect for Verve Life desde nuestro Motorola que nos ayudar\u00e1 a encontrarlos en caso de perderlos: tienen geolocalizador que los har\u00e1 sonar si no sabemos d\u00f3nde los dejamos.<\/p>\n<p>M\u00e1s de 18 horas de autonom\u00eda<\/p>\n<p>Seis horas de autonom\u00eda y de uso ininterrumpido pero que podremos ampliar gracias a un estuche de carga que nos ofrece hasta 18 horas de autonom\u00eda. Un estuche de carga inal\u00e1mbrica que podremos tener siempre listo cuando tengamos que salir de casa para que siempre est\u00e9n disponibles para nosotros.<\/p>\n<p>Resistentes a todo<\/p>\n<p>Adem\u00e1s, los nuevos auriculares se adaptan a todo. M\u00e1s all\u00e1 de una calidad de sonido superior son resistentes al agua y al sudor con certificado IPX5 por lo que podr\u00e1s salir a hacer deporte sin preocuparte de salpicaduras.<\/p>\n","protected":false},"excerpt":{"rendered":"<p><span style=\"color: #ff0000\"><strong>Efectivo o Transferencia 15% OFF <\/strong><\/span><strong><span style=\"color: #ff0000\">$59.999<\/span><br \/>\n<span style=\"color: #000000\">Hasta 3 Cuotas SIN INTER\u00c9S DE\u00a0\u00a0<\/span><\/strong><span style=\"color: #000000\"><strong>$22.999<\/strong><\/span><\/p>\n","protected":false},"featured_media":8596,"comment_status":"open","ping_status":"closed","template":"","meta":[],"product_cat":[121,143],"product_tag":[],"acf":[],"_links":{"self":[{"href":"https:\/\/cuyodigital.com\/cuyo\/wp-json\/wp\/v2\/product\/8595"}],"collection":[{"href":"https:\/\/cuyodigital.com\/cuyo\/wp-json\/wp\/v2\/product"}],"about":[{"href":"https:\/\/cuyodigital.com\/cuyo\/wp-json\/wp\/v2\/types\/product"}],"replies":[{"embeddable":true,"href":"https:\/\/cuyodigital.com\/cuyo\/wp-json\/wp\/v2\/comments?post=8595"}],"wp:featuredmedia":[{"embeddable":true,"href":"https:\/\/cuyodigital.com\/cuyo\/wp-json\/wp\/v2\/media\/8596"}],"wp:attachment":[{"href":"https:\/\/cuyodigital.com\/cuyo\/wp-json\/wp\/v2\/media?parent=8595"}],"wp:term":[{"taxonomy":"product_cat","embeddable":true,"href":"https:\/\/cuyodigital.com\/cuyo\/wp-json\/wp\/v2\/product_cat?post=8595"},{"taxonomy":"product_tag","embeddable":true,"href":"https:\/\/cuyodigital.com\/cuyo\/wp-json\/wp\/v2\/product_tag?post=8595"}],"curies":[{"name":"wp","href":"https:\/\/api.w.org\/{rel}","templated":true}]}}