{"id":7808,"date":"2023-05-18T19:44:43","date_gmt":"2023-05-18T19:44:43","guid":{"rendered":"https:\/\/cuyodigital.com\/cuyo\/?post_type=product&#038;p=7808"},"modified":"2026-04-30T14:01:01","modified_gmt":"2026-04-30T14:01:01","slug":"apple-iphone-13-128gb","status":"publish","type":"product","link":"https:\/\/cuyodigital.com\/cuyo\/producto\/apple-iphone-13-128gb\/","title":{"rendered":"Apple iPhone 13 128GB"},"content":{"rendered":"<div class=\"row\">\n<div class=\"col-md-12\">\n<p>El\u00a0<strong>Apple iPhone 13<\/strong> representa una actualizaci\u00f3n menor del iPhone 12. Conservando la pantalla OLED de 6.1 pulgadas, el iPhone 13 cuenta con un procesador Apple A15 Bionic, con almacenamiento de 128GB. La c\u00e1mara principal del iPhone 13 es dual, con lentes wide y ultrawide de 12MP con IBIS y zoom \u00f3ptico 2x, y la c\u00e1mara frontal es de 12MP. El iPhone 13 tiene parlantes stereo, soporta carga r\u00e1pida tanto por cable como inal\u00e1mbrica, es resistente al polvo y agua, y soporta redes 5G.<\/p>\n<\/div>\n<\/div>\n<div class=\"row\">\n<div class=\"col-xs-12\">\n<h2 class=\"news\"><small>Caracter\u00edsticas principales<\/small><\/h2>\n<\/div>\n<\/div>\n<div class=\"p402_hide\">\n<div class=\"col-xs-12\">\n<div class=\"row\">\n<div class=\"col-md-6 col-xs-12\">\n<ul class=\"fa-ul\">\n<li><span title=\"Pantalla y resoluci\u00f3n\" data-toggle=\"tooltip\"><i class=\"fa-li fa fa-mobile fa-lg\"><\/i><strong>Pantalla: 6.1&#8243;, 1170 x 2532 pixels<\/strong><\/span><\/li>\n<li><span title=\"Procesador\" data-toggle=\"tooltip\"><i class=\"fa-li fa fa-tachometer\"><\/i><strong>Procesador: Apple A15 Bionic<\/strong><\/span><\/li>\n<li><span title=\"Almacenamiento\" data-toggle=\"tooltip\"><i class=\"fa-li fa fa-microchip\"><\/i><strong>Almacenamiento: 128GB<\/strong><\/span><\/li>\n<li><span title=\"Expansi\u00f3n de memoria\" data-toggle=\"tooltip\"><i class=\"fa-li fa fa-archive\"><\/i><strong>Expansi\u00f3n: sin microSD<\/strong><\/span><\/li>\n<\/ul>\n<\/div>\n<div class=\"col-md-6 col-xs-12\">\n<ul class=\"fa-ul\">\n<li><span title=\"C\u00e1mara\" data-toggle=\"tooltip\"><i class=\"fa-li fa fa-camera\"><\/i><strong>C\u00e1mara: Dual, 12MP+12MP<\/strong><\/span><\/li>\n<li><span title=\"Sistema operativo\" data-toggle=\"tooltip\"><i class=\"fa-li fa fa-code\"><\/i><strong>OS: iOS 15<\/strong><\/span><\/li>\n<li><span title=\"Perfil\" data-toggle=\"tooltip\"><i class=\"fa-li fa fa-expand\"><\/i><strong>Perfil: 7.7 mm<\/strong><\/span><\/li>\n<li><span title=\"Peso\" data-toggle=\"tooltip\"><i class=\"fa-li fa fa-balance-scale\"><\/i><strong>Peso: 174 g<\/strong><\/span><\/li>\n<\/ul>\n<\/div>\n<\/div>\n<\/div>\n<\/div>\n","protected":false},"excerpt":{"rendered":"<p>\u00a0<\/p>\n<p>\u00a0<\/p>\n","protected":false},"featured_media":8778,"comment_status":"open","ping_status":"closed","template":"","meta":[],"product_cat":[91,97,152,15],"product_tag":[],"acf":[],"_links":{"self":[{"href":"https:\/\/cuyodigital.com\/cuyo\/wp-json\/wp\/v2\/product\/7808"}],"collection":[{"href":"https:\/\/cuyodigital.com\/cuyo\/wp-json\/wp\/v2\/product"}],"about":[{"href":"https:\/\/cuyodigital.com\/cuyo\/wp-json\/wp\/v2\/types\/product"}],"replies":[{"embeddable":true,"href":"https:\/\/cuyodigital.com\/cuyo\/wp-json\/wp\/v2\/comments?post=7808"}],"wp:featuredmedia":[{"embeddable":true,"href":"https:\/\/cuyodigital.com\/cuyo\/wp-json\/wp\/v2\/media\/8778"}],"wp:attachment":[{"href":"https:\/\/cuyodigital.com\/cuyo\/wp-json\/wp\/v2\/media?parent=7808"}],"wp:term":[{"taxonomy":"product_cat","embeddable":true,"href":"https:\/\/cuyodigital.com\/cuyo\/wp-json\/wp\/v2\/product_cat?post=7808"},{"taxonomy":"product_tag","embeddable":true,"href":"https:\/\/cuyodigital.com\/cuyo\/wp-json\/wp\/v2\/product_tag?post=7808"}],"curies":[{"name":"wp","href":"https:\/\/api.w.org\/{rel}","templated":true}]}}