{"id":10766,"date":"2025-10-27T15:35:14","date_gmt":"2025-10-27T15:35:14","guid":{"rendered":"https:\/\/cuyodigital.com\/cuyo\/?post_type=product&#038;p=10766"},"modified":"2026-04-30T14:03:51","modified_gmt":"2026-04-30T14:03:51","slug":"apple-iphone-17-256gb","status":"publish","type":"product","link":"https:\/\/cuyodigital.com\/cuyo\/producto\/apple-iphone-17-256gb\/","title":{"rendered":"Apple iPhone 17 256GB"},"content":{"rendered":"<p>El\u00a0<strong>Apple iPhone 17<\/strong> debuta con una pantalla OLED LTPO de 6.3 pulgadas con tasa de refresco de 120Hz y el procesador Apple A19 con 8GB de RAM y 256GB de almacenamiento. Su c\u00e1mara est\u00e1 compuesta de dos sensores de 48MP, wide y ultrawide, respectivamente y con estabilizaci\u00f3n \u00f3ptica. El iPhone 17 se alimenta de una bater\u00eda de 3692 mAh con soporte para carga r\u00e1pida tanto por cable como inal\u00e1mbrica, posee parlantes stereo, y certificaci\u00f3n IP68.<\/p>\n<h2>Ficha t\u00e9cnica<\/h2>\n<table class=\"table table-striped\">\n<tbody>\n<tr>\n<td class=\"text-nowrap\">\u00a0<strong>Pantalla<\/strong><\/td>\n<td>6.3&#8243;, 1206 x 2622 pixels<\/td>\n<\/tr>\n<tr>\n<td class=\"text-nowrap\">\u00a0<strong>Procesador<\/strong><\/td>\n<td>Apple A19<\/td>\n<\/tr>\n<tr>\n<td class=\"text-nowrap\">\u00a0<strong>Memoria RAM<\/strong><\/td>\n<td>8GB<\/td>\n<\/tr>\n<tr>\n<td class=\"text-nowrap\">\u00a0<strong>Almacenamiento<\/strong><\/td>\n<td>256GB<\/td>\n<\/tr>\n<tr>\n<td class=\"text-nowrap\">\u00a0<strong>Expansi\u00f3n<\/strong><\/td>\n<td>sin microSD<\/td>\n<\/tr>\n<tr>\n<td class=\"text-nowrap\">\u00a0<strong>C\u00e1mara<\/strong><\/td>\n<td>Dual, 48MP+48MP<\/td>\n<\/tr>\n<tr>\n<td class=\"text-nowrap\">\u00a0<strong>Bater\u00eda<\/strong><\/td>\n<td>3692 mAh<\/td>\n<\/tr>\n<tr>\n<td class=\"text-nowrap\">\u00a0<strong>OS<\/strong><\/td>\n<td>iOS 26<\/td>\n<\/tr>\n<tr>\n<td class=\"text-nowrap\">\u00a0<strong>Perfil<\/strong><\/td>\n<td>8 mm<\/td>\n<\/tr>\n<tr>\n<td class=\"text-nowrap\">\u00a0<strong>Peso<\/strong><\/td>\n<td>177 g<\/td>\n<\/tr>\n<\/tbody>\n<\/table>\n","protected":false},"excerpt":{"rendered":"<p>El\u00a0Apple iPhone 17 debuta con una pantalla OLED LTPO de 6.3 pulgadas con tasa de refresco de 120Hz y el procesador Apple A19 con 8GB de RAM y 256GB de almacenamiento. Su c\u00e1mara est\u00e1 compuesta de dos sensores de 48MP, wide y ultrawide, respectivamente y con estabilizaci\u00f3n \u00f3ptica. El iPhone 17 se alimenta de una &hellip;<\/p>\n<p class=\"read-more\"> <a class=\"\" href=\"https:\/\/cuyodigital.com\/cuyo\/producto\/apple-iphone-17-256gb\/\"> <span class=\"screen-reader-text\">Apple iPhone 17 256GB<\/span> Leer m\u00e1s \u00bb<\/a><\/p>\n","protected":false},"featured_media":10767,"comment_status":"open","ping_status":"closed","template":"","meta":[],"product_cat":[91,97,152,15],"product_tag":[],"acf":[],"_links":{"self":[{"href":"https:\/\/cuyodigital.com\/cuyo\/wp-json\/wp\/v2\/product\/10766"}],"collection":[{"href":"https:\/\/cuyodigital.com\/cuyo\/wp-json\/wp\/v2\/product"}],"about":[{"href":"https:\/\/cuyodigital.com\/cuyo\/wp-json\/wp\/v2\/types\/product"}],"replies":[{"embeddable":true,"href":"https:\/\/cuyodigital.com\/cuyo\/wp-json\/wp\/v2\/comments?post=10766"}],"wp:featuredmedia":[{"embeddable":true,"href":"https:\/\/cuyodigital.com\/cuyo\/wp-json\/wp\/v2\/media\/10767"}],"wp:attachment":[{"href":"https:\/\/cuyodigital.com\/cuyo\/wp-json\/wp\/v2\/media?parent=10766"}],"wp:term":[{"taxonomy":"product_cat","embeddable":true,"href":"https:\/\/cuyodigital.com\/cuyo\/wp-json\/wp\/v2\/product_cat?post=10766"},{"taxonomy":"product_tag","embeddable":true,"href":"https:\/\/cuyodigital.com\/cuyo\/wp-json\/wp\/v2\/product_tag?post=10766"}],"curies":[{"name":"wp","href":"https:\/\/api.w.org\/{rel}","templated":true}]}}