{"id":10725,"date":"2025-10-06T19:35:52","date_gmt":"2025-10-06T19:35:52","guid":{"rendered":"https:\/\/cuyodigital.com\/cuyo\/?post_type=product&#038;p=10725"},"modified":"2026-05-05T14:04:44","modified_gmt":"2026-05-05T14:04:44","slug":"segway-gt3-2400w","status":"publish","type":"product","link":"https:\/\/cuyodigital.com\/cuyo\/producto\/segway-gt3-2400w\/","title":{"rendered":"Segway GT3 2400W"},"content":{"rendered":"<p>La ic\u00f3nica Serie GT est\u00e1 creada con un rendimiento excepcional, suspensi\u00f3n y acero de alta resistencia. Es un super deportivo de alta velocidad de vanguardia integrado en una patineta el\u00e9ctrica. Con su estructura super duradera para cargas m\u00e1s pesadas, permite a los conductores de varios tama\u00f1os disfrutar c\u00f3modamente de velocidades vertiginosas mientras mantienen una excelente estabilidad, ya sea en la ciudad o fuera de la carretera. Es \u00abvelocidad bien hecha\u00bb.<\/p>\n<p>1. Potencia motor:\u00a0 motor trasero de 2400 wts m\u00e1xima<br \/>\n2. Autonom\u00eda: hasta 73 km aprox.<br \/>\n3. Velocidad: hasta 50 km\/h aprox.<br \/>\n4. Tipo de llantas: 11 pulgadas Neum\u00e1ticos autosellantes sin c\u00e1mara<br \/>\n5. Marco: Aleaci\u00f3n de aluminio liviano de alta resistencia<br \/>\n6. Carga m\u00e1xima: 150 Kilogramos<br \/>\n7. Resistencia al agua: IPX6 e IPX7 en la bater\u00eda<br \/>\n8.Frenos: Disco delantero y trasero<br \/>\n9.pendiente : 30<br \/>\n10. Luces: direccionales y de stop<\/p>\n<p>Caracter\u00edsticas Adicionales- Nueva apariencia mayor calidad<br \/>\n11. \u00a1Nuevo!SegRide Stability Enhancement System: es una caracter\u00edstica clave que eleva la seguridad y el rendimiento de los monopatines el\u00e9ctricos de Segway, adapt\u00e1ndose eficazmente a las necesidades de los conductores en entornos urbanos y todoterreno.<br \/>\n12.\u00a1Nuevo! Suspensi\u00f3n delantera y trasera hidraulica y brazo de arraste trasero hidraulico<br \/>\n13. \u00a1Nuevo! Borde de bloqueo delantero<br \/>\n14. !Nuevo! GPS: Localiza tu scooter con FindMy de Apple.<br \/>\n15. !Nuevo! Pantalla TFT inteligente de 2,4 pulgadas<br \/>\n16.Veh\u00edculo inteligente: Ninebot se conecta a tu tel\u00e9fono para personalizar su uso.<br \/>\n17.\u00a1Nuevo! Brillante sistema de iluminaci\u00f3n: Faros autom\u00e1ticos de 6W<br \/>\n18. \u00a1Nuevo! Bloqueo aut\u00f3nomo: Vincula el MAX G3 con la aplicaci\u00f3n Segway Mobility para asegurar tu ekickScooter sin esfuerzo desbloque\u00e1ndolo a trav\u00e9s de Bluetooth. Incluso se apaga autom\u00e1ticamente cuando est\u00e1 plegado.<br \/>\n19.\u00a1Nuevo! sonidos personalizados:Disfruta de una nueva experiencia de aplicaci\u00f3n dise\u00f1ada para ti. Sube hasta 4 segundos de tus efectos de sonido favoritos a la aplicaci\u00f3n y reprod\u00facelos durante el viaje con el bot\u00f3n personalizado o presionando dos veces el freno mientras est\u00e1s estacionado.<\/p>\n","protected":false},"excerpt":{"rendered":"<p>La ic\u00f3nica Serie GT est\u00e1 creada con un rendimiento excepcional, suspensi\u00f3n y acero de alta resistencia. Es un super deportivo de alta velocidad de vanguardia integrado en una patineta el\u00e9ctrica. Con su estructura super duradera para cargas m\u00e1s pesadas, permite a los conductores de varios tama\u00f1os disfrutar c\u00f3modamente de velocidades vertiginosas mientras mantienen una excelente &hellip;<\/p>\n<p class=\"read-more\"> <a class=\"\" href=\"https:\/\/cuyodigital.com\/cuyo\/producto\/segway-gt3-2400w\/\"> <span class=\"screen-reader-text\">Segway GT3 2400W<\/span> Leer m\u00e1s \u00bb<\/a><\/p>\n","protected":false},"featured_media":10726,"comment_status":"open","ping_status":"closed","template":"","meta":[],"product_cat":[113,15],"product_tag":[],"acf":[],"_links":{"self":[{"href":"https:\/\/cuyodigital.com\/cuyo\/wp-json\/wp\/v2\/product\/10725"}],"collection":[{"href":"https:\/\/cuyodigital.com\/cuyo\/wp-json\/wp\/v2\/product"}],"about":[{"href":"https:\/\/cuyodigital.com\/cuyo\/wp-json\/wp\/v2\/types\/product"}],"replies":[{"embeddable":true,"href":"https:\/\/cuyodigital.com\/cuyo\/wp-json\/wp\/v2\/comments?post=10725"}],"wp:featuredmedia":[{"embeddable":true,"href":"https:\/\/cuyodigital.com\/cuyo\/wp-json\/wp\/v2\/media\/10726"}],"wp:attachment":[{"href":"https:\/\/cuyodigital.com\/cuyo\/wp-json\/wp\/v2\/media?parent=10725"}],"wp:term":[{"taxonomy":"product_cat","embeddable":true,"href":"https:\/\/cuyodigital.com\/cuyo\/wp-json\/wp\/v2\/product_cat?post=10725"},{"taxonomy":"product_tag","embeddable":true,"href":"https:\/\/cuyodigital.com\/cuyo\/wp-json\/wp\/v2\/product_tag?post=10725"}],"curies":[{"name":"wp","href":"https:\/\/api.w.org\/{rel}","templated":true}]}}