{"id":10686,"date":"2025-09-29T18:50:59","date_gmt":"2025-09-29T18:50:59","guid":{"rendered":"https:\/\/cuyodigital.com\/cuyo\/?post_type=product&#038;p=10686"},"modified":"2026-04-30T14:05:19","modified_gmt":"2026-04-30T14:05:19","slug":"apple-iphone-17-pro-256gb","status":"publish","type":"product","link":"https:\/\/cuyodigital.com\/cuyo\/producto\/apple-iphone-17-pro-256gb\/","title":{"rendered":"Apple iPhone 17 Pro 256GB"},"content":{"rendered":"<p>El\u00a0<strong>Apple iPhone 17 Pro<\/strong> llega potenciado por un procesador Apple A19 Pro, acompa\u00f1ado de 12GB de RAM y 256GB de almacenamiento. Su pantalla es un panel OLED LTPO de 6.3 pulgadas con tasa de refresco de 120Hz, y tiene una c\u00e1mara triple con tres sensores de 48MP, que suman estabilizaci\u00f3n \u00f3ptica y zoom \u00f3ptico 4x. Alimentado por una bater\u00eda de 3988 mAh o 4252 mAh seg\u00fan se trate de la variante nanoSIM o eSIM, el iPhone 17 Pro soporta carga r\u00e1pida y wireless MagSafe y Qi2.<\/p>\n<h2>Ficha t\u00e9cnica<\/h2>\n<table class=\"table table-striped\">\n<tbody>\n<tr>\n<td class=\"text-nowrap\">\u00a0<strong>Pantalla<\/strong><\/td>\n<td>6.3&#8243;, 1206 x 2622 pixels<\/td>\n<\/tr>\n<tr>\n<td class=\"text-nowrap\">\u00a0<strong>Procesador<\/strong><\/td>\n<td>Apple A19 Pro<\/td>\n<\/tr>\n<tr>\n<td class=\"text-nowrap\">\u00a0<strong>Memoria RAM<\/strong><\/td>\n<td>12GB<\/td>\n<\/tr>\n<tr>\n<td class=\"text-nowrap\">\u00a0<strong>Almacenamiento<\/strong><\/td>\n<td>256GB<\/td>\n<\/tr>\n<tr>\n<td class=\"text-nowrap\">\u00a0<strong>Expansi\u00f3n<\/strong><\/td>\n<td>sin microSD<\/td>\n<\/tr>\n<tr>\n<td class=\"text-nowrap\">\u00a0<strong>C\u00e1mara<\/strong><\/td>\n<td>Triple, 48MP+48MP +48MP<\/td>\n<\/tr>\n<tr>\n<td class=\"text-nowrap\">\u00a0<strong>Bater\u00eda<\/strong><\/td>\n<td>3988 mAh<\/td>\n<\/tr>\n<tr>\n<td class=\"text-nowrap\">\u00a0<strong>OS<\/strong><\/td>\n<td>iOS 26<\/td>\n<\/tr>\n<tr>\n<td class=\"text-nowrap\">\u00a0<strong>Perfil<\/strong><\/td>\n<td>8.8 mm<\/td>\n<\/tr>\n<\/tbody>\n<\/table>\n","protected":false},"excerpt":{"rendered":"<p>El\u00a0Apple iPhone 17 Pro llega potenciado por un procesador Apple A19 Pro, acompa\u00f1ado de 12GB de RAM y 256GB de almacenamiento. Su pantalla es un panel OLED LTPO de 6.3 pulgadas con tasa de refresco de 120Hz, y tiene una c\u00e1mara triple con tres sensores de 48MP, que suman estabilizaci\u00f3n \u00f3ptica y zoom \u00f3ptico 4x. &hellip;<\/p>\n<p class=\"read-more\"> <a class=\"\" href=\"https:\/\/cuyodigital.com\/cuyo\/producto\/apple-iphone-17-pro-256gb\/\"> <span class=\"screen-reader-text\">Apple iPhone 17 Pro 256GB<\/span> Leer m\u00e1s \u00bb<\/a><\/p>\n","protected":false},"featured_media":10687,"comment_status":"open","ping_status":"closed","template":"","meta":[],"product_cat":[91,97,152,15],"product_tag":[],"acf":[],"_links":{"self":[{"href":"https:\/\/cuyodigital.com\/cuyo\/wp-json\/wp\/v2\/product\/10686"}],"collection":[{"href":"https:\/\/cuyodigital.com\/cuyo\/wp-json\/wp\/v2\/product"}],"about":[{"href":"https:\/\/cuyodigital.com\/cuyo\/wp-json\/wp\/v2\/types\/product"}],"replies":[{"embeddable":true,"href":"https:\/\/cuyodigital.com\/cuyo\/wp-json\/wp\/v2\/comments?post=10686"}],"wp:featuredmedia":[{"embeddable":true,"href":"https:\/\/cuyodigital.com\/cuyo\/wp-json\/wp\/v2\/media\/10687"}],"wp:attachment":[{"href":"https:\/\/cuyodigital.com\/cuyo\/wp-json\/wp\/v2\/media?parent=10686"}],"wp:term":[{"taxonomy":"product_cat","embeddable":true,"href":"https:\/\/cuyodigital.com\/cuyo\/wp-json\/wp\/v2\/product_cat?post=10686"},{"taxonomy":"product_tag","embeddable":true,"href":"https:\/\/cuyodigital.com\/cuyo\/wp-json\/wp\/v2\/product_tag?post=10686"}],"curies":[{"name":"wp","href":"https:\/\/api.w.org\/{rel}","templated":true}]}}