{"id":10599,"date":"2025-08-12T21:01:40","date_gmt":"2025-08-12T21:01:40","guid":{"rendered":"https:\/\/cuyodigital.com\/cuyo\/?post_type=product&#038;p=10599"},"modified":"2026-04-23T18:49:12","modified_gmt":"2026-04-23T18:49:12","slug":"segway-max-g3-2000w","status":"publish","type":"product","link":"https:\/\/cuyodigital.com\/cuyo\/producto\/segway-max-g3-2000w\/","title":{"rendered":"Segway Max G3 2000W"},"content":{"rendered":"<p><u><strong>Caracter\u00edsticas:<\/strong><\/u><\/p>\n<div data-olk-copy-source=\"MessageBody\">\n<div data-olk-copy-source=\"MessageBody\">\n<div data-olk-copy-source=\"MessageBody\">\n<div data-ogsc=\"rgb(46, 44, 44)\">\n<div data-ogsc=\"\">\n<div data-ogsc=\"\">\n<div data-ogsc=\"\" data-olk-copy-source=\"MessageBody\">Cuenta con doble suspensi\u00f3n hidr\u00e1ulica delantera y trasera<\/div>\n<div data-ogsc=\"\">Tiene frenos de doble disco delantero y trasero para mayor control y estabilidad<\/div>\n<\/div>\n<div data-ogsc=\"\"><\/div>\n<\/div>\n<\/div>\n<p><em><strong>Incluye<\/strong><\/em><\/p>\n<\/div>\n<\/div>\n<\/div>\n<ul>\n<li data-ogsc=\"\" data-olk-copy-source=\"MessageBody\">Motor de 2000 W<\/li>\n<li data-ogsc=\"\">Bater\u00eda Litio 600 wh<\/li>\n<li data-ogsc=\"\">Neum\u00e1ticos 11\u2033 sin c\u00e1mara<\/li>\n<\/ul>\n<p><em><strong>Datos<\/strong><\/em><\/p>\n<p data-ogsc=\"rgb(46, 44, 44)\" data-olk-copy-source=\"MessageBody\">Autonom\u00eda 80 Km<\/p>\n<p data-ogsc=\"rgb(46, 44, 44)\">Velocidad M\u00e1xima 45 Km\/h<\/p>\n<p data-ogsc=\"rgb(46, 44, 44)\">Pantalla TFT + Bluetooth + App\u00a0+ Faros Led autom\u00e1ticos<\/p>\n","protected":false},"excerpt":{"rendered":"<p>Caracter\u00edsticas: Cuenta con doble suspensi\u00f3n hidr\u00e1ulica delantera y trasera Tiene frenos de doble disco delantero y trasero para mayor control y estabilidad Incluye Motor de 2000 W Bater\u00eda Litio 600 wh Neum\u00e1ticos 11\u2033 sin c\u00e1mara Datos Autonom\u00eda 80 Km Velocidad M\u00e1xima 45 Km\/h Pantalla TFT + Bluetooth + App\u00a0+ Faros Led autom\u00e1ticos<\/p>\n","protected":false},"featured_media":10600,"comment_status":"open","ping_status":"closed","template":"","meta":[],"product_cat":[113,15],"product_tag":[],"acf":[],"_links":{"self":[{"href":"https:\/\/cuyodigital.com\/cuyo\/wp-json\/wp\/v2\/product\/10599"}],"collection":[{"href":"https:\/\/cuyodigital.com\/cuyo\/wp-json\/wp\/v2\/product"}],"about":[{"href":"https:\/\/cuyodigital.com\/cuyo\/wp-json\/wp\/v2\/types\/product"}],"replies":[{"embeddable":true,"href":"https:\/\/cuyodigital.com\/cuyo\/wp-json\/wp\/v2\/comments?post=10599"}],"wp:featuredmedia":[{"embeddable":true,"href":"https:\/\/cuyodigital.com\/cuyo\/wp-json\/wp\/v2\/media\/10600"}],"wp:attachment":[{"href":"https:\/\/cuyodigital.com\/cuyo\/wp-json\/wp\/v2\/media?parent=10599"}],"wp:term":[{"taxonomy":"product_cat","embeddable":true,"href":"https:\/\/cuyodigital.com\/cuyo\/wp-json\/wp\/v2\/product_cat?post=10599"},{"taxonomy":"product_tag","embeddable":true,"href":"https:\/\/cuyodigital.com\/cuyo\/wp-json\/wp\/v2\/product_tag?post=10599"}],"curies":[{"name":"wp","href":"https:\/\/api.w.org\/{rel}","templated":true}]}}