{"id":10591,"date":"2025-08-08T16:33:10","date_gmt":"2025-08-08T16:33:10","guid":{"rendered":"https:\/\/cuyodigital.com\/cuyo\/?post_type=product&#038;p=10591"},"modified":"2025-10-27T16:10:55","modified_gmt":"2025-10-27T16:10:55","slug":"honor-x6b-5g-256gb-4gb","status":"publish","type":"product","link":"https:\/\/cuyodigital.com\/cuyo\/producto\/honor-x6b-5g-256gb-4gb\/","title":{"rendered":"Honor X6B 5G 256GB 4GB"},"content":{"rendered":"<p>El\u00a0<strong>Honor X6b<\/strong> es un smartphone Android con una pantalla HD+ de 6.56 pulgadas y refresco de 90Hz. Por dentro encontramos un procesador Helio G85 de MediaTek con hasta 4GB de RAM y 256GB de almacenamiento, y una bater\u00eda de 5200 mAh de carga r\u00e1pida. Su c\u00e1mara principal dual cuenta con un sensor primario de 50MP, tiene lector de huellas lateral y corre Android 14.<\/p>\n<h2>Ficha t\u00e9cnica<\/h2>\n<table class=\"table table-striped\">\n<tbody>\n<tr>\n<td class=\"text-nowrap\">\u00a0<strong>Pantalla<\/strong><\/td>\n<td>6.56&#8243;, 720 x 1612 pixels<\/td>\n<\/tr>\n<tr>\n<td class=\"text-nowrap\">\u00a0<strong>Procesador<\/strong><\/td>\n<td>Mediatek Helio G85 2GHz<\/td>\n<\/tr>\n<tr>\n<td class=\"text-nowrap\">\u00a0<strong>Memoria RAM<\/strong><\/td>\n<td>4GB<\/td>\n<\/tr>\n<tr>\n<td class=\"text-nowrap\">\u00a0<strong>Almacenamiento<\/strong><\/td>\n<td>256GB<\/td>\n<\/tr>\n<tr>\n<td class=\"text-nowrap\">\u00a0<strong>Expansi\u00f3n<\/strong><\/td>\n<td>microSD<\/td>\n<\/tr>\n<tr>\n<td class=\"text-nowrap\">\u00a0<strong>C\u00e1mara<\/strong><\/td>\n<td>Dual, 50MP+2MP<\/td>\n<\/tr>\n<tr>\n<td class=\"text-nowrap\">\u00a0<strong>Bater\u00eda<\/strong><\/td>\n<td>5200 mAh<\/td>\n<\/tr>\n<tr>\n<td class=\"text-nowrap\">\u00a0<strong>OS<\/strong><\/td>\n<td>Android 14<\/td>\n<\/tr>\n<tr>\n<td class=\"text-nowrap\">\u00a0<strong>Perfil<\/strong><\/td>\n<td>8.4 mm<\/td>\n<\/tr>\n<\/tbody>\n<\/table>\n","protected":false},"excerpt":{"rendered":"<p><span style=\"color: #ff0000\"><strong>Efectivo <span data-sheets-root=\"1\">$255.566 <\/span><\/strong><\/span><\/p>\n<p><span style=\"color: #000000\"><b>Hasta 12 cuotas fijas<\/b><\/span><\/p>\n","protected":false},"featured_media":10592,"comment_status":"open","ping_status":"closed","template":"","meta":[],"product_cat":[91,15],"product_tag":[],"acf":[],"_links":{"self":[{"href":"https:\/\/cuyodigital.com\/cuyo\/wp-json\/wp\/v2\/product\/10591"}],"collection":[{"href":"https:\/\/cuyodigital.com\/cuyo\/wp-json\/wp\/v2\/product"}],"about":[{"href":"https:\/\/cuyodigital.com\/cuyo\/wp-json\/wp\/v2\/types\/product"}],"replies":[{"embeddable":true,"href":"https:\/\/cuyodigital.com\/cuyo\/wp-json\/wp\/v2\/comments?post=10591"}],"wp:featuredmedia":[{"embeddable":true,"href":"https:\/\/cuyodigital.com\/cuyo\/wp-json\/wp\/v2\/media\/10592"}],"wp:attachment":[{"href":"https:\/\/cuyodigital.com\/cuyo\/wp-json\/wp\/v2\/media?parent=10591"}],"wp:term":[{"taxonomy":"product_cat","embeddable":true,"href":"https:\/\/cuyodigital.com\/cuyo\/wp-json\/wp\/v2\/product_cat?post=10591"},{"taxonomy":"product_tag","embeddable":true,"href":"https:\/\/cuyodigital.com\/cuyo\/wp-json\/wp\/v2\/product_tag?post=10591"}],"curies":[{"name":"wp","href":"https:\/\/api.w.org\/{rel}","templated":true}]}}