{"id":10527,"date":"2025-07-18T00:16:34","date_gmt":"2025-07-18T00:16:34","guid":{"rendered":"https:\/\/cuyodigital.com\/cuyo\/?post_type=product&#038;p=10527"},"modified":"2026-02-25T19:50:48","modified_gmt":"2026-02-25T19:50:48","slug":"samsung-a16-5g-128gb-4gb","status":"publish","type":"product","link":"https:\/\/cuyodigital.com\/cuyo\/producto\/samsung-a16-5g-128gb-4gb\/","title":{"rendered":"Samsung A16 5G 128GB \/ 4GB"},"content":{"rendered":"<p>El\u00a0<strong>Samsung Galaxy A16<\/strong> <strong>5G<\/strong> cuenta con un procesador MediaTek Helio G99 y manteniendo el resto de las caracter\u00edsticas que incluyen una pantalla FHD+ de 6.7 pulgadas a 90Hz, c\u00e1mara triple de 50MP, bater\u00eda de 5000 mAh con soporte para carga r\u00e1pida, lector de huellas lateral y resistencia a salpicaduras.<\/p>\n<h2>Ficha t\u00e9cnica<\/h2>\n<table class=\"table table-striped\">\n<tbody>\n<tr>\n<td class=\"text-nowrap\">\u00a0<strong>Pantalla<\/strong><\/td>\n<td>6.7&#8243;, 1080 x 2340 pixels<\/td>\n<\/tr>\n<tr>\n<td class=\"text-nowrap\">\u00a0<strong>Procesador<\/strong><\/td>\n<td>Mediatek Helio G99 2.2GHz<\/td>\n<\/tr>\n<tr>\n<td class=\"text-nowrap\">\u00a0<strong>Memoria RAM<\/strong><\/td>\n<td>4GB<\/td>\n<\/tr>\n<tr>\n<td class=\"text-nowrap\">\u00a0<strong>Almacenamiento<\/strong><\/td>\n<td>128GB<\/td>\n<\/tr>\n<tr>\n<td class=\"text-nowrap\">\u00a0<strong>Expansi\u00f3n<\/strong><\/td>\n<td>microSD<\/td>\n<\/tr>\n<tr>\n<td class=\"text-nowrap\">\u00a0<strong>C\u00e1mara<\/strong><\/td>\n<td>Triple, 50MP+5MP +2MP<\/td>\n<\/tr>\n<tr>\n<td class=\"text-nowrap\">\u00a0<strong>Bater\u00eda<\/strong><\/td>\n<td>5000 mAh<\/td>\n<\/tr>\n<tr>\n<td class=\"text-nowrap\">\u00a0<strong>OS<\/strong><\/td>\n<td>Android 14<\/td>\n<\/tr>\n<tr>\n<td class=\"text-nowrap\">\u00a0<strong>Actualizaciones OS<\/strong><\/td>\n<td>6 actualizaciones mayores de OS<\/td>\n<\/tr>\n<tr>\n<td class=\"text-nowrap\">\u00a0<strong>Soporte<\/strong><\/td>\n<td>6 a\u00f1os<\/td>\n<\/tr>\n<tr>\n<td class=\"text-nowrap\">\u00a0<strong>Perfil<\/strong><\/td>\n<td>7.9 mm<\/td>\n<\/tr>\n<tr>\n<td class=\"text-nowrap\">\u00a0<strong>Peso<\/strong><\/td>\n<td>200 g<\/td>\n<\/tr>\n<\/tbody>\n<\/table>\n","protected":false},"excerpt":{"rendered":"<p>El\u00a0Samsung Galaxy A16 5G cuenta con un procesador MediaTek Helio G99 y manteniendo el resto de las caracter\u00edsticas que incluyen una pantalla FHD+ de 6.7 pulgadas a 90Hz, c\u00e1mara triple de 50MP, bater\u00eda de 5000 mAh con soporte para carga r\u00e1pida, lector de huellas lateral y resistencia a salpicaduras. Ficha t\u00e9cnica \u00a0Pantalla 6.7&#8243;, 1080 x &hellip;<\/p>\n<p class=\"read-more\"> <a class=\"\" href=\"https:\/\/cuyodigital.com\/cuyo\/producto\/samsung-a16-5g-128gb-4gb\/\"> <span class=\"screen-reader-text\">Samsung A16 5G 128GB \/ 4GB<\/span> Leer m\u00e1s \u00bb<\/a><\/p>\n","protected":false},"featured_media":10141,"comment_status":"open","ping_status":"closed","template":"","meta":[],"product_cat":[91,153],"product_tag":[],"acf":[],"_links":{"self":[{"href":"https:\/\/cuyodigital.com\/cuyo\/wp-json\/wp\/v2\/product\/10527"}],"collection":[{"href":"https:\/\/cuyodigital.com\/cuyo\/wp-json\/wp\/v2\/product"}],"about":[{"href":"https:\/\/cuyodigital.com\/cuyo\/wp-json\/wp\/v2\/types\/product"}],"replies":[{"embeddable":true,"href":"https:\/\/cuyodigital.com\/cuyo\/wp-json\/wp\/v2\/comments?post=10527"}],"wp:featuredmedia":[{"embeddable":true,"href":"https:\/\/cuyodigital.com\/cuyo\/wp-json\/wp\/v2\/media\/10141"}],"wp:attachment":[{"href":"https:\/\/cuyodigital.com\/cuyo\/wp-json\/wp\/v2\/media?parent=10527"}],"wp:term":[{"taxonomy":"product_cat","embeddable":true,"href":"https:\/\/cuyodigital.com\/cuyo\/wp-json\/wp\/v2\/product_cat?post=10527"},{"taxonomy":"product_tag","embeddable":true,"href":"https:\/\/cuyodigital.com\/cuyo\/wp-json\/wp\/v2\/product_tag?post=10527"}],"curies":[{"name":"wp","href":"https:\/\/api.w.org\/{rel}","templated":true}]}}