{"id":10470,"date":"2025-06-12T20:37:44","date_gmt":"2025-06-12T20:37:44","guid":{"rendered":"https:\/\/cuyodigital.com\/cuyo\/?post_type=product&#038;p=10470"},"modified":"2025-12-03T18:30:11","modified_gmt":"2025-12-03T18:30:11","slug":"motorola-g42-128gb-6gb","status":"publish","type":"product","link":"https:\/\/cuyodigital.com\/cuyo\/producto\/motorola-g42-128gb-6gb\/","title":{"rendered":"Motorola G42 128GB 6GB"},"content":{"rendered":"<p>El\u00a0<strong>Motorola Moto G42<\/strong> es un smartphone Android con una pantalla AMOLED de 6.4 pulgadas a resoluci\u00f3n FHD+ y potenciado por un procesador Snapdragon 680 con 6GB de RAM y 128GB de almacenamiento interno. Con una c\u00e1mara posterior triple de 50MP, el Moto G42 cuenta con una c\u00e1mara selfie de 16MP, una bater\u00eda de 5000 mAh de carga r\u00e1pida, parlantes stereo, lector de huellas lateral y corre Android 12.<\/p>\n<h2>Ficha t\u00e9cnica<\/h2>\n<table class=\"table table-striped\">\n<tbody>\n<tr>\n<td class=\"text-nowrap\">\u00a0<strong>Pantalla<\/strong><\/td>\n<td>6.4&#8243;, 1080 x 2400 pixels<\/td>\n<\/tr>\n<tr>\n<td class=\"text-nowrap\">\u00a0<strong>Procesador<\/strong><\/td>\n<td>Snapdragon 680 2.4GHz<\/td>\n<\/tr>\n<tr>\n<td class=\"text-nowrap\">\u00a0<strong>Memoria RAM<\/strong><\/td>\n<td>6GB<\/td>\n<\/tr>\n<tr>\n<td class=\"text-nowrap\">\u00a0<strong>Almacenamiento<\/strong><\/td>\n<td>128GB<\/td>\n<\/tr>\n<tr>\n<td class=\"text-nowrap\">\u00a0<strong>Expansi\u00f3n<\/strong><\/td>\n<td>microSD<\/td>\n<\/tr>\n<tr>\n<td class=\"text-nowrap\">\u00a0<strong>C\u00e1mara<\/strong><\/td>\n<td>Triple, 50MP+8MP+2MP<\/td>\n<\/tr>\n<tr>\n<td class=\"text-nowrap\">\u00a0<strong>Bater\u00eda<\/strong><\/td>\n<td>5000 mAh<\/td>\n<\/tr>\n<tr>\n<td class=\"text-nowrap\">\u00a0<strong>OS<\/strong><\/td>\n<td>Android 12<\/td>\n<\/tr>\n<tr>\n<td class=\"text-nowrap\">\u00a0<strong>Perfil<\/strong><\/td>\n<td>8 mm<\/td>\n<\/tr>\n<tr>\n<td class=\"text-nowrap\">\u00a0<strong>Peso<\/strong><\/td>\n<td>175 g<\/td>\n<\/tr>\n<\/tbody>\n<\/table>\n","protected":false},"excerpt":{"rendered":"<p><span style=\"color: #ff0000\"><strong>Efectivo U$D 145<\/strong><\/span><\/p>\n<p><span style=\"color: #333333\"><b>Hasta 12 cuotas fijas<\/b><\/span><\/p>\n<p>&nbsp;<\/p>\n","protected":false},"featured_media":10471,"comment_status":"open","ping_status":"closed","template":"","meta":[],"product_cat":[136,152,15],"product_tag":[],"acf":[],"_links":{"self":[{"href":"https:\/\/cuyodigital.com\/cuyo\/wp-json\/wp\/v2\/product\/10470"}],"collection":[{"href":"https:\/\/cuyodigital.com\/cuyo\/wp-json\/wp\/v2\/product"}],"about":[{"href":"https:\/\/cuyodigital.com\/cuyo\/wp-json\/wp\/v2\/types\/product"}],"replies":[{"embeddable":true,"href":"https:\/\/cuyodigital.com\/cuyo\/wp-json\/wp\/v2\/comments?post=10470"}],"wp:featuredmedia":[{"embeddable":true,"href":"https:\/\/cuyodigital.com\/cuyo\/wp-json\/wp\/v2\/media\/10471"}],"wp:attachment":[{"href":"https:\/\/cuyodigital.com\/cuyo\/wp-json\/wp\/v2\/media?parent=10470"}],"wp:term":[{"taxonomy":"product_cat","embeddable":true,"href":"https:\/\/cuyodigital.com\/cuyo\/wp-json\/wp\/v2\/product_cat?post=10470"},{"taxonomy":"product_tag","embeddable":true,"href":"https:\/\/cuyodigital.com\/cuyo\/wp-json\/wp\/v2\/product_tag?post=10470"}],"curies":[{"name":"wp","href":"https:\/\/api.w.org\/{rel}","templated":true}]}}