{"id":10352,"date":"2025-04-09T16:53:33","date_gmt":"2025-04-09T16:53:33","guid":{"rendered":"https:\/\/cuyodigital.com\/cuyo\/?post_type=product&#038;p=10352"},"modified":"2026-04-30T14:31:53","modified_gmt":"2026-04-30T14:31:53","slug":"samsung-a56-5g-256gb-12gb","status":"publish","type":"product","link":"https:\/\/cuyodigital.com\/cuyo\/producto\/samsung-a56-5g-256gb-12gb\/","title":{"rendered":"Samsung A56 5G 256GB \/ 12GB"},"content":{"rendered":"<div class=\"content\">\n<div>\n<div class=\"content\">\n<div class=\"sc-f6029393-5 jhPrir\">\n<div class=\"content\">\n<div class=\"sc-f6029393-5 kJJIBN\">\n<div class=\"content\">\n<div class=\"sc-f6029393-5 jhPrir\">\n<div class=\"content\">\n<div class=\"row\">\n<div class=\"col-md-6 col-xs-12\">\n<div class=\"row\">\n<div class=\"col-md-6 col-xs-12\">\n<div class=\"row\">\n<div class=\"col-md-6 col-xs-12\">\n<p>El\u00a0<strong>Samsung Galaxy A56 5G<\/strong> cuenta con una pantalla AMOLED de 6.7 pulgadas y est\u00e1 potenciado por un procesador Exynos 1580 con 12GB de RAM y 256GB de almacenamiento interno. Su c\u00e1mara triple tiene un sensor de 50MP con OIS y se alimenta de una bater\u00eda de 5000 mAh de carga r\u00e1pida, completando sus caracter\u00edsticas con resistencia al agua, parlantes stereo, lector de huellas bajo la pantalla y Android 15.<\/p>\n<h2>Ficha t\u00e9cnica<\/h2>\n<table class=\"table table-striped\">\n<tbody>\n<tr>\n<td class=\"text-nowrap\">\u00a0<strong>Pantalla<\/strong><\/td>\n<td>6.7&#8243;, 1080 x 2340 pixels<\/td>\n<\/tr>\n<tr>\n<td class=\"text-nowrap\">\u00a0<strong>Procesador<\/strong><\/td>\n<td>Exynos 1580 2.9GHz<\/td>\n<\/tr>\n<tr>\n<td class=\"text-nowrap\">\u00a0<strong>Memoria RAM<\/strong><\/td>\n<td>12GB<\/td>\n<\/tr>\n<tr>\n<td class=\"text-nowrap\">\u00a0<strong>Almacenamiento<\/strong><\/td>\n<td>256GB<\/td>\n<\/tr>\n<tr>\n<td class=\"text-nowrap\">\u00a0<strong>Expansi\u00f3n<\/strong><\/td>\n<td>sin microSD<\/td>\n<\/tr>\n<tr>\n<td class=\"text-nowrap\">\u00a0<strong>C\u00e1mara<\/strong><\/td>\n<td>Triple, 50MP+12MP +5MP<\/td>\n<\/tr>\n<tr>\n<td class=\"text-nowrap\">\u00a0<strong>Bater\u00eda<\/strong><\/td>\n<td>5000 mAh<\/td>\n<\/tr>\n<tr>\n<td class=\"text-nowrap\">\u00a0<strong>OS<\/strong><\/td>\n<td>Android 15<\/td>\n<\/tr>\n<tr>\n<td class=\"text-nowrap\">\u00a0<strong>Actualizaciones OS<\/strong><\/td>\n<td>6 actualizaciones mayores de OS<\/td>\n<\/tr>\n<tr>\n<td class=\"text-nowrap\">\u00a0<strong>Soporte<\/strong><\/td>\n<td>6 a\u00f1os<\/td>\n<\/tr>\n<tr>\n<td class=\"text-nowrap\">\u00a0<strong>Perfil<\/strong><\/td>\n<td>7.4 mm<\/td>\n<\/tr>\n<tr>\n<td class=\"text-nowrap\">\u00a0<strong>Peso<\/strong><\/td>\n<td>198 g<\/td>\n<\/tr>\n<\/tbody>\n<\/table>\n<\/div>\n<\/div>\n<\/div>\n<\/div>\n<\/div>\n<\/div>\n<\/div>\n<\/div>\n<\/div>\n<\/div>\n<\/div>\n<\/div>\n<\/div>\n<\/div>\n<\/div>\n","protected":false},"excerpt":{"rendered":"<p>El\u00a0Samsung Galaxy A56 5G cuenta con una pantalla AMOLED de 6.7 pulgadas y est\u00e1 potenciado por un procesador Exynos 1580 con 12GB de RAM y 256GB de almacenamiento interno. Su c\u00e1mara triple tiene un sensor de 50MP con OIS y se alimenta de una bater\u00eda de 5000 mAh de carga r\u00e1pida, completando sus caracter\u00edsticas con &hellip;<\/p>\n<p class=\"read-more\"> <a class=\"\" href=\"https:\/\/cuyodigital.com\/cuyo\/producto\/samsung-a56-5g-256gb-12gb\/\"> <span class=\"screen-reader-text\">Samsung A56 5G 256GB \/ 12GB<\/span> Leer m\u00e1s \u00bb<\/a><\/p>\n","protected":false},"featured_media":10417,"comment_status":"open","ping_status":"closed","template":"","meta":[],"product_cat":[91,153],"product_tag":[],"acf":[],"_links":{"self":[{"href":"https:\/\/cuyodigital.com\/cuyo\/wp-json\/wp\/v2\/product\/10352"}],"collection":[{"href":"https:\/\/cuyodigital.com\/cuyo\/wp-json\/wp\/v2\/product"}],"about":[{"href":"https:\/\/cuyodigital.com\/cuyo\/wp-json\/wp\/v2\/types\/product"}],"replies":[{"embeddable":true,"href":"https:\/\/cuyodigital.com\/cuyo\/wp-json\/wp\/v2\/comments?post=10352"}],"wp:featuredmedia":[{"embeddable":true,"href":"https:\/\/cuyodigital.com\/cuyo\/wp-json\/wp\/v2\/media\/10417"}],"wp:attachment":[{"href":"https:\/\/cuyodigital.com\/cuyo\/wp-json\/wp\/v2\/media?parent=10352"}],"wp:term":[{"taxonomy":"product_cat","embeddable":true,"href":"https:\/\/cuyodigital.com\/cuyo\/wp-json\/wp\/v2\/product_cat?post=10352"},{"taxonomy":"product_tag","embeddable":true,"href":"https:\/\/cuyodigital.com\/cuyo\/wp-json\/wp\/v2\/product_tag?post=10352"}],"curies":[{"name":"wp","href":"https:\/\/api.w.org\/{rel}","templated":true}]}}