{"id":10300,"date":"2025-03-22T15:55:15","date_gmt":"2025-03-22T15:55:15","guid":{"rendered":"https:\/\/cuyodigital.com\/cuyo\/?post_type=product&#038;p=10300"},"modified":"2025-06-12T20:47:21","modified_gmt":"2025-06-12T20:47:21","slug":"ipad-magic-keyboard-13","status":"publish","type":"product","link":"https:\/\/cuyodigital.com\/cuyo\/producto\/ipad-magic-keyboard-13\/","title":{"rendered":"IPAD MAGIC KEYBOARD 13 Pulgadas"},"content":{"rendered":"<p class=\"\" data-start=\"125\" data-end=\"208\"><strong data-start=\"125\" data-end=\"208\">iPad Magic Keyboard 13 pulgadas: La mejor experiencia de escritura para tu iPad<\/strong><\/p>\n<p class=\"\" data-start=\"210\" data-end=\"575\">Descubre una nueva forma de usar tu iPad con el <em data-start=\"258\" data-end=\"274\">Magic Keyboard<\/em> de 13 pulgadas. Este teclado destaca por su dise\u00f1o elegante y funcional, ofreciendo una experiencia de escritura precisa y c\u00f3moda gracias a sus teclas retroiluminadas y el mecanismo de tijera. Adem\u00e1s, incorpora un trackpad que permite un control preciso y una mayor interacci\u00f3n con el sistema iPadOS.<\/p>\n<p class=\"\" data-start=\"577\" data-end=\"849\">Su dise\u00f1o flotante con \u00e1ngulo ajustable te permite colocar el iPad en la posici\u00f3n perfecta para trabajar, ver contenido o crear. Con una conexi\u00f3n magn\u00e9tica que se acopla f\u00e1cilmente al iPad, no requiere carga adicional, ya que se alimenta directamente desde el dispositivo.<\/p>\n<p class=\"\" data-start=\"851\" data-end=\"883\"><strong data-start=\"851\" data-end=\"883\">Caracter\u00edsticas principales:<\/strong><\/p>\n<ul data-start=\"884\" data-end=\"1242\">\n<li class=\"\" data-start=\"884\" data-end=\"970\">\n<p class=\"\" data-start=\"886\" data-end=\"970\">Teclas retroiluminadas y mecanismo de tijera para una escritura c\u00f3moda y silenciosa.<\/p>\n<\/li>\n<li class=\"\" data-start=\"971\" data-end=\"1027\">\n<p class=\"\" data-start=\"973\" data-end=\"1027\">Trackpad integrado con soporte para gestos multitouch.<\/p>\n<\/li>\n<li class=\"\" data-start=\"1028\" data-end=\"1097\">\n<p class=\"\" data-start=\"1030\" data-end=\"1097\">\u00c1ngulo ajustable para encontrar la posici\u00f3n ideal de visualizaci\u00f3n.<\/p>\n<\/li>\n<li class=\"\" data-start=\"1098\" data-end=\"1165\">\n<p class=\"\" data-start=\"1100\" data-end=\"1165\">Conexi\u00f3n magn\u00e9tica f\u00e1cil y sin necesidad de bater\u00edas adicionales.<\/p>\n<\/li>\n<li class=\"\" data-start=\"1166\" data-end=\"1242\">\n<p class=\"\" data-start=\"1168\" data-end=\"1242\">Dise\u00f1o premium, compacto y resistente, perfecto para llevar a todos lados.<\/p>\n<\/li>\n<\/ul>\n<p class=\"\" data-start=\"1244\" data-end=\"1472\">El <em data-start=\"1247\" data-end=\"1263\">Magic Keyboard<\/em> de 13 pulgadas es la opci\u00f3n ideal para quienes buscan transformar su iPad en una herramienta potente para la productividad o la creatividad. Mejora tu experiencia de uso y lleva tu trabajo al siguiente nivel.<\/p>\n","protected":false},"excerpt":{"rendered":"<p><span style=\"color: #ff0000\"><strong>Efectivo U$D 349<\/strong><\/span><\/p>\n","protected":false},"featured_media":10301,"comment_status":"open","ping_status":"closed","template":"","meta":[],"product_cat":[135],"product_tag":[],"acf":[],"_links":{"self":[{"href":"https:\/\/cuyodigital.com\/cuyo\/wp-json\/wp\/v2\/product\/10300"}],"collection":[{"href":"https:\/\/cuyodigital.com\/cuyo\/wp-json\/wp\/v2\/product"}],"about":[{"href":"https:\/\/cuyodigital.com\/cuyo\/wp-json\/wp\/v2\/types\/product"}],"replies":[{"embeddable":true,"href":"https:\/\/cuyodigital.com\/cuyo\/wp-json\/wp\/v2\/comments?post=10300"}],"wp:featuredmedia":[{"embeddable":true,"href":"https:\/\/cuyodigital.com\/cuyo\/wp-json\/wp\/v2\/media\/10301"}],"wp:attachment":[{"href":"https:\/\/cuyodigital.com\/cuyo\/wp-json\/wp\/v2\/media?parent=10300"}],"wp:term":[{"taxonomy":"product_cat","embeddable":true,"href":"https:\/\/cuyodigital.com\/cuyo\/wp-json\/wp\/v2\/product_cat?post=10300"},{"taxonomy":"product_tag","embeddable":true,"href":"https:\/\/cuyodigital.com\/cuyo\/wp-json\/wp\/v2\/product_tag?post=10300"}],"curies":[{"name":"wp","href":"https:\/\/api.w.org\/{rel}","templated":true}]}}