{"id":10291,"date":"2025-03-17T13:55:32","date_gmt":"2025-03-17T13:55:32","guid":{"rendered":"https:\/\/cuyodigital.com\/cuyo\/?post_type=product&#038;p=10291"},"modified":"2026-05-05T14:08:07","modified_gmt":"2026-05-05T14:08:07","slug":"go-smart-x10-pro-all-move-500w","status":"publish","type":"product","link":"https:\/\/cuyodigital.com\/cuyo\/producto\/go-smart-x10-pro-all-move-500w\/","title":{"rendered":"Go Smart X10 Pro All Move 500W"},"content":{"rendered":"<p><strong>Caracter\u00edsticas Modelo X10 pro Allmove<\/strong><br \/>\n. Velocidad m\u00e1xima: 32 km\/h<br \/>\n. Control de Velocidad: 4 opciones (Max. 6\u2013 Max. 20km\/h &#8211; Max. 25km\/h\u2013 Max. 32km\/h)<br \/>\n. Velocidad Crucero<br \/>\n. Con Amortiguador en frente delantero y trasero<br \/>\n. Autonom\u00eda: 25\/30 km<br \/>\n. Potencia Motor: 500 Watts<br \/>\n. Pantalla digital: indicador de bater\u00eda y control de velocidad<br \/>\n. Bluetooth &#8211; Integrado con App para controlar desde tu celular<br \/>\n. Ruedas Macizas: 10\u00a8.<br \/>\n. Sistema de Frenos Dual: freno tambor en rueda delantera, y<br \/>\na disco en rueda trasera<br \/>\n. Luz delantera y de freno<br \/>\n. Bater\u00eda de litio. Tiempo de carga: 4-5 horas<br \/>\n. Tama\u00f1o (Desplegado): 118 cm \u00d7 51 cm \u00d7 117 cm<br \/>\n. Tama\u00f1o (Plegado): 118cm \u00d7 21 cm \u00d7 52cm<br \/>\n. Base del monopatin: 16 cm<br \/>\n. Peso m\u00e1ximo de usuario: 120 kg<br \/>\n. Peso del monopatin: 21kg<\/p>\n","protected":false},"excerpt":{"rendered":"<p>Caracter\u00edsticas Modelo X10 pro Allmove . Velocidad m\u00e1xima: 32 km\/h . Control de Velocidad: 4 opciones (Max. 6\u2013 Max. 20km\/h &#8211; Max. 25km\/h\u2013 Max. 32km\/h) . Velocidad Crucero . Con Amortiguador en frente delantero y trasero . Autonom\u00eda: 25\/30 km . Potencia Motor: 500 Watts . Pantalla digital: indicador de bater\u00eda y control de velocidad &hellip;<\/p>\n<p class=\"read-more\"> <a class=\"\" href=\"https:\/\/cuyodigital.com\/cuyo\/producto\/go-smart-x10-pro-all-move-500w\/\"> <span class=\"screen-reader-text\">Go Smart X10 Pro All Move 500W<\/span> Leer m\u00e1s \u00bb<\/a><\/p>\n","protected":false},"featured_media":10401,"comment_status":"open","ping_status":"closed","template":"","meta":[],"product_cat":[113,15],"product_tag":[],"acf":[],"_links":{"self":[{"href":"https:\/\/cuyodigital.com\/cuyo\/wp-json\/wp\/v2\/product\/10291"}],"collection":[{"href":"https:\/\/cuyodigital.com\/cuyo\/wp-json\/wp\/v2\/product"}],"about":[{"href":"https:\/\/cuyodigital.com\/cuyo\/wp-json\/wp\/v2\/types\/product"}],"replies":[{"embeddable":true,"href":"https:\/\/cuyodigital.com\/cuyo\/wp-json\/wp\/v2\/comments?post=10291"}],"wp:featuredmedia":[{"embeddable":true,"href":"https:\/\/cuyodigital.com\/cuyo\/wp-json\/wp\/v2\/media\/10401"}],"wp:attachment":[{"href":"https:\/\/cuyodigital.com\/cuyo\/wp-json\/wp\/v2\/media?parent=10291"}],"wp:term":[{"taxonomy":"product_cat","embeddable":true,"href":"https:\/\/cuyodigital.com\/cuyo\/wp-json\/wp\/v2\/product_cat?post=10291"},{"taxonomy":"product_tag","embeddable":true,"href":"https:\/\/cuyodigital.com\/cuyo\/wp-json\/wp\/v2\/product_tag?post=10291"}],"curies":[{"name":"wp","href":"https:\/\/api.w.org\/{rel}","templated":true}]}}