{"id":10258,"date":"2025-02-24T23:59:20","date_gmt":"2025-02-24T23:59:20","guid":{"rendered":"https:\/\/cuyodigital.com\/cuyo\/?post_type=product&#038;p=10258"},"modified":"2026-04-30T14:39:32","modified_gmt":"2026-04-30T14:39:32","slug":"samsung-s25-ultra-5g-512gb-12gb-copia","status":"publish","type":"product","link":"https:\/\/cuyodigital.com\/cuyo\/producto\/samsung-s25-ultra-5g-512gb-12gb-copia\/","title":{"rendered":"Samsung S25 Ultra 5G 512GB \/ 12GB"},"content":{"rendered":"<p>El\u00a0<strong>Samsung Galaxy S25 Ultra<\/strong> llega m\u00e1s liviano y delgado, potenciado por un procesador Snapdragon 8 Elite for Galaxy con 12GB de RAM. y 512GB de almacenamiento. Su c\u00e1mara es cu\u00e1druple con un sensor principal de 200MP con estabilizaci\u00f3n \u00f3ptica, un sensor telefoto de 10MP y uno de 50MP y una c\u00e1mara ultrawide de 50MP, y tiene una c\u00e1mara selfie de 12MP al frente. El Galaxy S25 Ultra se alimenta de una bater\u00eda de 5000 mAh con soporte para carga r\u00e1pida e inal\u00e1mbrica, tiene parlantes stereo, lector de huellas bajo pantalla, soporta stylus S Pen y es resistente al agua.<\/p>\n<h2>Ficha t\u00e9cnica<\/h2>\n<table class=\"table table-striped\">\n<tbody>\n<tr>\n<td class=\"text-nowrap\">\u00a0<strong>Pantalla<\/strong><\/td>\n<td>6.9&#8243;, 1440 x 3120 pixels<\/td>\n<\/tr>\n<tr>\n<td class=\"text-nowrap\">\u00a0<strong>Procesador<\/strong><\/td>\n<td>Snapdragon 8 Elite for Galaxy 4.47GHz<\/td>\n<\/tr>\n<tr>\n<td class=\"text-nowrap\">\u00a0<strong>Memoria RAM<\/strong><\/td>\n<td>12GB<\/td>\n<\/tr>\n<tr>\n<td class=\"text-nowrap\">\u00a0<strong>Almacenamiento<\/strong><\/td>\n<td>512GB<\/td>\n<\/tr>\n<tr>\n<td class=\"text-nowrap\">\u00a0<strong>Expansi\u00f3n<\/strong><\/td>\n<td>sin microSD<\/td>\n<\/tr>\n<tr>\n<td class=\"text-nowrap\">\u00a0<strong>C\u00e1mara<\/strong><\/td>\n<td>Cu\u00e1druple, 50MP+50MP +50MP+50MP<\/td>\n<\/tr>\n<tr>\n<td class=\"text-nowrap\">\u00a0<strong>Bater\u00eda<\/strong><\/td>\n<td>5000 mAh<\/td>\n<\/tr>\n<tr>\n<td class=\"text-nowrap\">\u00a0<strong>OS<\/strong><\/td>\n<td>Android 15<\/td>\n<\/tr>\n<tr>\n<td class=\"text-nowrap\">\u00a0<strong>Actualizaciones OS<\/strong><\/td>\n<td>7 actualizaciones mayores de OS<\/td>\n<\/tr>\n<tr>\n<td class=\"text-nowrap\">\u00a0<strong>Soporte<\/strong><\/td>\n<td>7 a\u00f1os<\/td>\n<\/tr>\n<tr>\n<td class=\"text-nowrap\">\u00a0<strong>Perfil<\/strong><\/td>\n<td>8.2 mm<\/td>\n<\/tr>\n<tr>\n<td class=\"text-nowrap\">\u00a0<strong>Peso<\/strong><\/td>\n<td>218 g<\/td>\n<\/tr>\n<\/tbody>\n<\/table>\n","protected":false},"excerpt":{"rendered":"<p>El\u00a0Samsung Galaxy S25 Ultra llega m\u00e1s liviano y delgado, potenciado por un procesador Snapdragon 8 Elite for Galaxy con 12GB de RAM. y 512GB de almacenamiento. Su c\u00e1mara es cu\u00e1druple con un sensor principal de 200MP con estabilizaci\u00f3n \u00f3ptica, un sensor telefoto de 10MP y uno de 50MP y una c\u00e1mara ultrawide de 50MP, y &hellip;<\/p>\n<p class=\"read-more\"> <a class=\"\" href=\"https:\/\/cuyodigital.com\/cuyo\/producto\/samsung-s25-ultra-5g-512gb-12gb-copia\/\"> <span class=\"screen-reader-text\">Samsung S25 Ultra 5G 512GB \/ 12GB<\/span> Leer m\u00e1s \u00bb<\/a><\/p>\n","protected":false},"featured_media":10259,"comment_status":"open","ping_status":"closed","template":"","meta":[],"product_cat":[91,153],"product_tag":[],"acf":[],"_links":{"self":[{"href":"https:\/\/cuyodigital.com\/cuyo\/wp-json\/wp\/v2\/product\/10258"}],"collection":[{"href":"https:\/\/cuyodigital.com\/cuyo\/wp-json\/wp\/v2\/product"}],"about":[{"href":"https:\/\/cuyodigital.com\/cuyo\/wp-json\/wp\/v2\/types\/product"}],"replies":[{"embeddable":true,"href":"https:\/\/cuyodigital.com\/cuyo\/wp-json\/wp\/v2\/comments?post=10258"}],"wp:featuredmedia":[{"embeddable":true,"href":"https:\/\/cuyodigital.com\/cuyo\/wp-json\/wp\/v2\/media\/10259"}],"wp:attachment":[{"href":"https:\/\/cuyodigital.com\/cuyo\/wp-json\/wp\/v2\/media?parent=10258"}],"wp:term":[{"taxonomy":"product_cat","embeddable":true,"href":"https:\/\/cuyodigital.com\/cuyo\/wp-json\/wp\/v2\/product_cat?post=10258"},{"taxonomy":"product_tag","embeddable":true,"href":"https:\/\/cuyodigital.com\/cuyo\/wp-json\/wp\/v2\/product_tag?post=10258"}],"curies":[{"name":"wp","href":"https:\/\/api.w.org\/{rel}","templated":true}]}}