{"id":10225,"date":"2025-02-07T17:48:34","date_gmt":"2025-02-07T17:48:34","guid":{"rendered":"https:\/\/cuyodigital.com\/cuyo\/?post_type=product&#038;p=10225"},"modified":"2026-04-30T14:17:38","modified_gmt":"2026-04-30T14:17:38","slug":"poco-x7-5g-512gb-12gb","status":"publish","type":"product","link":"https:\/\/cuyodigital.com\/cuyo\/producto\/poco-x7-5g-512gb-12gb\/","title":{"rendered":"Poco X7 5G 512GB 12GB"},"content":{"rendered":"<p style=\"padding-left: 40px\">El\u00a0<strong>Xiaomi Poco X7 5G<\/strong> tiene una pantalla AMOLED de 6.67 pulgadas con tasa de refresco de 120Hz y est\u00e1 potenciado por un procesador Dimensity 7300 Ultra con 12GB de RAM y 512GB de almacenamiento. Su c\u00e1mara posterior es triple con sensor principal de 50MP con OIS, tiene una bater\u00eda de 5110 mAh de carga r\u00e1pida, parlantes duales, lector de huellas bajo la pantalla, resistencia al polvo y agua y corre HyperOS basado en Android 14.<\/p>\n<h2>Ficha t\u00e9cnica<\/h2>\n<table class=\"table table-striped\">\n<tbody>\n<tr>\n<td class=\"text-nowrap\">\u00a0<strong>Pantalla<\/strong><\/td>\n<td>6.67&#8243;, 1220 x 2712 pixels<\/td>\n<\/tr>\n<tr>\n<td class=\"text-nowrap\">\u00a0<strong>Procesador<\/strong><\/td>\n<td>MediaTek Dimensity 7300 Ultra 2.5GHz<\/td>\n<\/tr>\n<tr>\n<td class=\"text-nowrap\">\u00a0<strong>Memoria RAM<\/strong><\/td>\n<td>12GB<\/td>\n<\/tr>\n<tr>\n<td class=\"text-nowrap\">\u00a0<strong>Almacenamiento<\/strong><\/td>\n<td>512GB<\/td>\n<\/tr>\n<tr>\n<td class=\"text-nowrap\">\u00a0<strong>Expansi\u00f3n<\/strong><\/td>\n<td>sin microSD<\/td>\n<\/tr>\n<tr>\n<td class=\"text-nowrap\">\u00a0<strong>C\u00e1mara<\/strong><\/td>\n<td>Triple, 50MP+8MP +2MP<\/td>\n<\/tr>\n<tr>\n<td class=\"text-nowrap\">\u00a0<strong>Bater\u00eda<\/strong><\/td>\n<td>5110 mAh<\/td>\n<\/tr>\n<tr>\n<td class=\"text-nowrap\">\u00a0<strong>OS<\/strong><\/td>\n<td>Android 14<\/td>\n<\/tr>\n<tr>\n<td class=\"text-nowrap\">\u00a0<strong>Perfil<\/strong><\/td>\n<td>8.4 mm<\/td>\n<\/tr>\n<\/tbody>\n<\/table>\n","protected":false},"excerpt":{"rendered":"<p>El\u00a0Xiaomi Poco X7 5G tiene una pantalla AMOLED de 6.67 pulgadas con tasa de refresco de 120Hz y est\u00e1 potenciado por un procesador Dimensity 7300 Ultra con 12GB de RAM y 512GB de almacenamiento. Su c\u00e1mara posterior es triple con sensor principal de 50MP con OIS, tiene una bater\u00eda de 5110 mAh de carga r\u00e1pida, &hellip;<\/p>\n<p class=\"read-more\"> <a class=\"\" href=\"https:\/\/cuyodigital.com\/cuyo\/producto\/poco-x7-5g-512gb-12gb\/\"> <span class=\"screen-reader-text\">Poco X7 5G 512GB 12GB<\/span> Leer m\u00e1s \u00bb<\/a><\/p>\n","protected":false},"featured_media":10226,"comment_status":"open","ping_status":"closed","template":"","meta":[],"product_cat":[91,99,15],"product_tag":[],"acf":[],"_links":{"self":[{"href":"https:\/\/cuyodigital.com\/cuyo\/wp-json\/wp\/v2\/product\/10225"}],"collection":[{"href":"https:\/\/cuyodigital.com\/cuyo\/wp-json\/wp\/v2\/product"}],"about":[{"href":"https:\/\/cuyodigital.com\/cuyo\/wp-json\/wp\/v2\/types\/product"}],"replies":[{"embeddable":true,"href":"https:\/\/cuyodigital.com\/cuyo\/wp-json\/wp\/v2\/comments?post=10225"}],"wp:featuredmedia":[{"embeddable":true,"href":"https:\/\/cuyodigital.com\/cuyo\/wp-json\/wp\/v2\/media\/10226"}],"wp:attachment":[{"href":"https:\/\/cuyodigital.com\/cuyo\/wp-json\/wp\/v2\/media?parent=10225"}],"wp:term":[{"taxonomy":"product_cat","embeddable":true,"href":"https:\/\/cuyodigital.com\/cuyo\/wp-json\/wp\/v2\/product_cat?post=10225"},{"taxonomy":"product_tag","embeddable":true,"href":"https:\/\/cuyodigital.com\/cuyo\/wp-json\/wp\/v2\/product_tag?post=10225"}],"curies":[{"name":"wp","href":"https:\/\/api.w.org\/{rel}","templated":true}]}}