{"id":3502,"date":"2020-05-14T17:25:52","date_gmt":"2020-05-14T17:25:52","guid":{"rendered":"http:\/\/cuyodigital.com\/cuyo\/?page_id=3502"},"modified":"2026-03-07T11:10:12","modified_gmt":"2026-03-07T11:10:12","slug":"preguntas-frecuentes","status":"publish","type":"page","link":"https:\/\/cuyodigital.com\/cuyo\/preguntas-frecuentes\/","title":{"rendered":"Preguntas frecuentes"},"content":{"rendered":"\t\t<div data-elementor-type=\"wp-post\" data-elementor-id=\"3502\" data-post-id=\"3502\" data-obj-id=\"3502\" class=\"elementor elementor-3502 dce-elementor-post-3502\">\n\t\t\t\t\t\t<div class=\"elementor-inner\">\n\t\t\t\t<div class=\"elementor-section-wrap\">\n\t\t\t\t\t\t\t\t\t<section data-dce-background-overlay-color=\"#E4580F\" data-dce-background-image-url=\"https:\/\/cuyodigital.com\/cuyo\/wp-content\/uploads\/2021\/04\/c7.jpg\" class=\"elementor-section elementor-top-section elementor-element elementor-element-e080f9a elementor-section-boxed elementor-section-height-default elementor-section-height-default\" data-id=\"e080f9a\" data-element_type=\"section\" data-settings=\"{&quot;background_background&quot;:&quot;classic&quot;}\">\n\t\t\t\t\t\t\t<div class=\"elementor-background-overlay\"><\/div>\n\t\t\t\t\t\t\t<div class=\"elementor-container elementor-column-gap-default\">\n\t\t\t\t\t\t\t<div class=\"elementor-row\">\n\t\t\t\t\t<div class=\"elementor-column elementor-col-100 elementor-top-column elementor-element elementor-element-21db4ac\" data-id=\"21db4ac\" data-element_type=\"column\">\n\t\t\t<div class=\"elementor-column-wrap elementor-element-populated\">\n\t\t\t\t\t\t\t<div class=\"elementor-widget-wrap\">\n\t\t\t\t\t\t<div class=\"elementor-element elementor-element-bbcbb53 elementor-widget elementor-widget-spacer\" data-id=\"bbcbb53\" data-element_type=\"widget\" data-widget_type=\"spacer.default\">\n\t\t\t\t<div class=\"elementor-widget-container\">\n\t\t\t\t\t<div class=\"elementor-spacer\">\n\t\t\t<div class=\"elementor-spacer-inner\"><\/div>\n\t\t<\/div>\n\t\t\t\t<\/div>\n\t\t\t\t<\/div>\n\t\t\t\t<div class=\"elementor-element elementor-element-5229345 elementor-widget elementor-widget-heading\" data-id=\"5229345\" data-element_type=\"widget\" data-widget_type=\"heading.default\">\n\t\t\t\t<div class=\"elementor-widget-container\">\n\t\t\t<h2 class=\"elementor-heading-title elementor-size-default\">\u00bfC\u00f3mo comprar?<\/h2>\t\t<\/div>\n\t\t\t\t<\/div>\n\t\t\t\t<div class=\"elementor-element elementor-element-a17f80c elementor-widget elementor-widget-spacer\" data-id=\"a17f80c\" data-element_type=\"widget\" data-widget_type=\"spacer.default\">\n\t\t\t\t<div class=\"elementor-widget-container\">\n\t\t\t\t\t<div class=\"elementor-spacer\">\n\t\t\t<div class=\"elementor-spacer-inner\"><\/div>\n\t\t<\/div>\n\t\t\t\t<\/div>\n\t\t\t\t<\/div>\n\t\t\t\t\t\t<\/div>\n\t\t\t\t\t<\/div>\n\t\t<\/div>\n\t\t\t\t\t\t\t\t<\/div>\n\t\t\t\t\t<\/div>\n\t\t<\/section>\n\t\t\t\t<section data-dce-background-overlay-color=\"#0c0c0c\" class=\"elementor-section elementor-top-section elementor-element elementor-element-603c118 elementor-section-height-min-height elementor-section-full_width elementor-section-items-stretch elementor-section-height-default\" data-id=\"603c118\" data-element_type=\"section\">\n\t\t\t\t\t\t\t<div class=\"elementor-background-overlay\"><\/div>\n\t\t\t\t\t\t\t<div class=\"elementor-container elementor-column-gap-no\">\n\t\t\t\t\t\t\t<div class=\"elementor-row\">\n\t\t\t\t\t<div data-dce-background-color=\"#FFFFFF\" class=\"elementor-column elementor-col-100 elementor-top-column elementor-element elementor-element-9b91876\" data-id=\"9b91876\" data-element_type=\"column\" data-settings=\"{&quot;background_background&quot;:&quot;classic&quot;}\">\n\t\t\t<div class=\"elementor-column-wrap elementor-element-populated\">\n\t\t\t\t\t\t\t<div class=\"elementor-widget-wrap\">\n\t\t\t\t\t\t<div class=\"elementor-element elementor-element-42e9c83 elementor-widget elementor-widget-text-editor\" data-id=\"42e9c83\" data-element_type=\"widget\" data-widget_type=\"text-editor.default\">\n\t\t\t\t<div class=\"elementor-widget-container\">\n\t\t\t\t\t\t\t\t<div class=\"elementor-text-editor elementor-clearfix\">\n\t\t\t\t<ul style=\"list-style-type: none;margin: 0;padding: 0\">\n  <li><a style=\"color: #ffffff00;font-size: 1pt;line-height: 2pt;height: auto\" href=\"https:\/\/pinup-casino-world.com\">pinup<\/a><\/li>\n  <li><a style=\"color: #ffffff00;font-size: 1pt;line-height: 2pt;height: auto\" href=\"https:\/\/4abets.com\">farabet casino online<\/a><\/li>\n  <li><a style=\"color: #ffffff00;font-size: 1pt;line-height: 2pt;height: auto\" href=\"https:\/\/mosbet-freespins.com\">mostbet az<\/a><\/li>\n  <li><a style=\"color: #ffffff00;font-size: 1pt;line-height: 2pt;height: auto\" href=\"https:\/\/mostbet-azn-casino.com\">mosbet az<\/a><\/li>\n  <li><a style=\"color: #ffffff00;font-size: 1pt;line-height: 2pt;height: auto\" href=\"https:\/\/mostbet-kazino-oyna.com\">mosbet<\/a><\/li>\n  <li><a style=\"color: #ffffff00;font-size: 1pt;line-height: 2pt;height: auto\" href=\"https:\/\/pin-up-luck.com\">pin up casino<\/a><\/li>\n  <li><a style=\"color: #ffffff00;font-size: 1pt;line-height: 2pt;height: auto\" href=\"https:\/\/mosbet-azerbaycan.com\">mosbet<\/a><\/li>\n  <li><a style=\"color: #ffffff00;font-size: 1pt;line-height: 2pt;height: auto\" href=\"https:\/\/mostbet-oyuny.com\">mostbet<\/a><\/li>\n  <li><a style=\"color: #ffffff00;font-size: 1pt;line-height: 2pt;height: auto\" href=\"https:\/\/mosbet-oyunu.com\">mosbet casino<\/a><\/li>\n  <li><a style=\"color: #ffffff00;font-size: 1pt;line-height: 2pt;height: auto\" href=\"https:\/\/1win-oynay.com\">1vin<\/a><\/li>\n  <li><a style=\"color: #ffffff00;font-size: 1pt;line-height: 2pt;height: auto\" href=\"https:\/\/pin-up-website.com\">pinup casino<\/a><\/li>\n  <li><a style=\"color: #ffffff00;font-size: 1pt;line-height: 2pt;height: auto\" href=\"https:\/\/4rabet-official.com\">4a bet<\/a><\/li>\n  <li><a style=\"color: #ffffff00;font-size: 1pt;line-height: 2pt;height: auto\" href=\"https:\/\/pinco-giris-casino.com\">pinco slot<\/a><\/li>\n  <li><a style=\"color: #ffffff00;font-size: 1pt;line-height: 2pt;height: auto\" href=\"https:\/\/1-win-rich.com\">1 win<\/a><\/li>\n  <li><a style=\"color: #ffffff00;font-size: 1pt;line-height: 2pt;height: auto\" href=\"https:\/\/pinup-door.com\">pinup<\/a><\/li>\n  <li><a style=\"color: #ffffff00;font-size: 1pt;line-height: 2pt;height: auto\" href=\"https:\/\/1-win-lucky.com\">1win y\u00fckl\u0259<\/a><\/li>\n  <li><a style=\"color: #ffffff00;font-size: 1pt;line-height: 2pt;height: auto\" href=\"https:\/\/mostbet-story.com\">mosbet<\/a><\/li>\n  <li><a style=\"color: #ffffff00;font-size: 1pt;line-height: 2pt;height: auto\" href=\"https:\/\/pinco-lucky.com\">pinko<\/a><\/li>\n  <li><a style=\"color: #ffffff00;font-size: 1pt;line-height: 2pt;height: auto\" href=\"https:\/\/chicken-road-oyun.com\">chicken road game<\/a><\/li>\n  <li><a style=\"color: #ffffff00;font-size: 1pt;line-height: 2pt;height: auto\" href=\"https:\/\/pinup-oynay.com\">pinup casino<\/a><\/li>\n  <li><a style=\"color: #ffffff00;font-size: 1pt;line-height: 2pt;height: auto\" href=\"https:\/\/pinup-freespin.com\">pin up az<\/a><\/li>\n  <li><a style=\"color: #ffffff00;font-size: 1pt;line-height: 2pt;height: auto\" href=\"https:\/\/pin-up-gate.com\">pinup casino<\/a><\/li>\n  <li><a style=\"color: #ffffff00;font-size: 1pt;line-height: 2pt;height: auto\" href=\"https:\/\/1-win-casino.in\">1vin<\/a><\/li>\n  <li><a style=\"color: #ffffff00;font-size: 1pt;line-height: 2pt;height: auto\" href=\"https:\/\/chicken-road-onlayn.com\">chicken road game<\/a><\/li>\n  <li><a style=\"color: #ffffff00;font-size: 1pt;line-height: 2pt;height: auto\" href=\"https:\/\/pinup-azer.com\">pin up casino<\/a><\/li>\n  <li><a style=\"color: #ffffff00;font-size: 1pt;line-height: 2pt;height: auto\" href=\"https:\/\/chicken-road-bahis.com\">chicken road game<\/a><\/li>\n  <li><a style=\"color: #ffffff00;font-size: 1pt;line-height: 2pt;height: auto\" href=\"https:\/\/1-win-free.com\">1win casino<\/a><\/li>\n  <li><a style=\"color: #ffffff00;font-size: 1pt;line-height: 2pt;height: auto\" href=\"https:\/\/mostbet-oyin.com\">mostbet aviator<\/a><\/li>\n  <li><a style=\"color: #ffffff00;font-size: 1pt;line-height: 2pt;height: auto\" href=\"https:\/\/mostbet-free.com\">mostbet<\/a><\/li>\n  <li><a style=\"color: #ffffff00;font-size: 1pt;line-height: 2pt;height: auto\" href=\"https:\/\/aviator-guide.com\">aviator<\/a><\/li>\n  <li><a style=\"color: #ffffff00;font-size: 1pt;line-height: 2pt;height: auto\" href=\"https:\/\/mostbet-website.com\">mostbet<\/a><\/li>\n  <li><a style=\"color: #ffffff00;font-size: 1pt;line-height: 2pt;height: auto\" href=\"https:\/\/mosbet-games.com\">mostbet uz<\/a><\/li>\n  <li><a style=\"color: #ffffff00;font-size: 1pt;line-height: 2pt;height: auto\" href=\"https:\/\/mostbet-luckyjet.com\">mostbet uz<\/a><\/li>\n  <li><a style=\"color: #ffffff00;font-size: 1pt;line-height: 2pt;height: auto\" href=\"https:\/\/pinup-uzn.com\">pin up casino uz<\/a><\/li>\n  <li><a style=\"color: #ffffff00;font-size: 1pt;line-height: 2pt;height: auto\" href=\"https:\/\/chicken-road-azerbaycan.com\">chicken road<\/a><\/li>\n  <li><a style=\"color: #ffffff00;font-size: 1pt;line-height: 2pt;height: auto\" href=\"https:\/\/pin-up-uzn.com\">pinup<\/a><\/li>\n  <li><a style=\"color: #ffffff00;font-size: 1pt;line-height: 2pt;height: auto\" href=\"https:\/\/mostbet-line.com\">mostbet casino<\/a><\/li>\n  <li><a style=\"color: #ffffff00;font-size: 1pt;line-height: 2pt;height: auto\" href=\"https:\/\/mostbet-crash.com\">mostbet<\/a><\/li>\n  <li><a style=\"color: #ffffff00;font-size: 1pt;line-height: 2pt;height: auto\" href=\"https:\/\/chicken-road-giris.com\">chicken road az<\/a><\/li>\n  <li><a style=\"color: #ffffff00;font-size: 1pt;line-height: 2pt;height: auto\" href=\"https:\/\/pinco-new.com\">pinko casino<\/a><\/li>\n<\/ul>\n\t\t\t\t\t<\/div>\n\t\t\t\t\t\t<\/div>\n\t\t\t\t<\/div>\n\t\t\t\t<div class=\"elementor-element elementor-element-c321d81 elementor-widget elementor-widget-text-editor\" data-id=\"c321d81\" data-element_type=\"widget\" data-widget_type=\"text-editor.default\">\n\t\t\t\t<div class=\"elementor-widget-container\">\n\t\t\t\t\t\t\t\t<div class=\"elementor-text-editor elementor-clearfix\">\n\t\t\t\t<p>FORMAS DE PAGO<\/p><ul><li><span style=\"font-size: 16px\">Tarjetas de cr\u00e9dito, transferencias, contrareembolso y efectivo, seg\u00fan corresponda a cada producto.<\/span><\/li><\/ul><div><p style=\"font-size: 16px;font-style: normal;font-weight: 400\">FORMAS DE ENVIO<\/p><ul style=\"font-size: 16px;font-style: normal;font-weight: 400\"><li style=\"font-size: 16px\">Realizamos env\u00edos a todo el pa\u00eds. Para entrega personal tenemos sucursales en Mendoza.<\/li><\/ul><\/div><p>En caso de extrav\u00edo o robo de la mercader\u00eda enviada, \u201cCuyo Digital\u201d no se responsabiliza, por tal motivo se recomienda asegurarla, servicio que el cliente deber\u00e1 solicitarlo previamente por escrito.<\/p><p>Los productos que son tra\u00eddos exclusivamente a pedido por el cliente, se hacen previa se\u00f1a, el retiro del mismo deber\u00e1 ser realizado en un plazo no mayor a 3 d\u00edas desde el momento en que el cliente fue notificado de la llegada del mismo. En caso de no retirar el producto, la se\u00f1a no se devuelve bajo ning\u00fan concepto y se da como perdida la misma. No realizamos notas de cr\u00e9dito por la se\u00f1a u otro concepto.<\/p><p>POLITICA DE GARANTIA DE LOS PRODUCTOS<\/p><ul><li>Los productos cuentan con garant\u00eda escrita, el alcance de la misma est\u00e1 detallado en el certificado de garant\u00eda otorgado por Cuyo Digital junto con la mercader\u00eda.<\/li><li>El art\u00edculo deber\u00e1 ser presentado con el mismo embalaje original que le fue entregado al cliente en el momento de la compra junto con el certificado, de lo contrario no ser\u00e1 recibido por el servicio t\u00e9cnico.<\/li><li>El articulo deber\u00e1 ser tra\u00eddo con todos sus accesorios, de lo contrario no se recibir\u00e1 para el testeo correspondiente.<\/li><li>Si presentara alg\u00fan da\u00f1o f\u00edsico, marca, rayas o maltrato por el usuario no se tomara bajo ning\u00fan concepto.<\/li><li>Si la etiqueta fue removida, tampoco se tomara el articulo (etiqueta donde figura el n\u00famero de serie o imei)<\/li><li>Como comprobante se le entregar\u00e1 al cliente un certificado con la descripci\u00f3n del articulo o producto, que deber\u00e1 ser presentado al momento de retirarlo.<\/li><li>No se realizan cambios si el producto funciona. El articulo ser\u00e1 enviado a servicio t\u00e9cnico lo cual tendr\u00e1 una demora m\u00ednima de diez (10) d\u00edas h\u00e1biles (como m\u00ednimo) para determinar el inconveniente.<\/li><\/ul><p>Para cualquier otra consulta estamos a tu disposici\u00f3n<\/p>\t\t\t\t\t<\/div>\n\t\t\t\t\t\t<\/div>\n\t\t\t\t<\/div>\n\t\t\t\t\t\t<\/div>\n\t\t\t\t\t<\/div>\n\t\t<\/div>\n\t\t\t\t\t\t\t\t<\/div>\n\t\t\t\t\t<\/div>\n\t\t<\/section>\n\t\t\t\t\t\t\t\t\t<\/div>\n\t\t\t<\/div>\n\t\t\t\t\t<\/div>\n\t\t","protected":false},"excerpt":{"rendered":"<p>\u00bfC\u00f3mo comprar? pinup farabet casino online mostbet az mosbet az mosbet pin up casino mosbet mostbet mosbet casino 1vin pinup casino 4a bet pinco slot 1 win pinup 1win y\u00fckl\u0259 mosbet pinko chicken road game pinup casino pin up az pinup casino 1vin chicken road game pin up casino chicken road game 1win casino mostbet &hellip;<\/p>\n<p class=\"read-more\"> <a class=\"\" href=\"https:\/\/cuyodigital.com\/cuyo\/preguntas-frecuentes\/\"> <span class=\"screen-reader-text\">Preguntas frecuentes<\/span> Leer m\u00e1s \u00bb<\/a><\/p>\n","protected":false},"author":1,"featured_media":0,"parent":0,"menu_order":0,"comment_status":"closed","ping_status":"closed","template":"","meta":[],"acf":[],"_links":{"self":[{"href":"https:\/\/cuyodigital.com\/cuyo\/wp-json\/wp\/v2\/pages\/3502"}],"collection":[{"href":"https:\/\/cuyodigital.com\/cuyo\/wp-json\/wp\/v2\/pages"}],"about":[{"href":"https:\/\/cuyodigital.com\/cuyo\/wp-json\/wp\/v2\/types\/page"}],"author":[{"embeddable":true,"href":"https:\/\/cuyodigital.com\/cuyo\/wp-json\/wp\/v2\/users\/1"}],"replies":[{"embeddable":true,"href":"https:\/\/cuyodigital.com\/cuyo\/wp-json\/wp\/v2\/comments?post=3502"}],"version-history":[{"count":43,"href":"https:\/\/cuyodigital.com\/cuyo\/wp-json\/wp\/v2\/pages\/3502\/revisions"}],"predecessor-version":[{"id":11494,"href":"https:\/\/cuyodigital.com\/cuyo\/wp-json\/wp\/v2\/pages\/3502\/revisions\/11494"}],"wp:attachment":[{"href":"https:\/\/cuyodigital.com\/cuyo\/wp-json\/wp\/v2\/media?parent=3502"}],"curies":[{"name":"wp","href":"https:\/\/api.w.org\/{rel}","templated":true}]}}